{"id":6,"date":"2022-10-09T18:48:26","date_gmt":"2022-10-09T22:48:26","guid":{"rendered":"https:\/\/clairedumouchel.com\/?page_id=6"},"modified":"2022-11-02T09:17:54","modified_gmt":"2022-11-02T13:17:54","slug":"psychotherapeute","status":"publish","type":"page","link":"https:\/\/clairedumouchel.com\/en\/psychotherapeute\/","title":{"rendered":"About"},"content":{"rendered":"<div class=\"gb-container gb-container-36d4965c\"><div class=\"gb-inside-container\">\n<div class=\"gb-grid-wrapper gb-grid-wrapper-74413d4c\">\n<div class=\"gb-grid-column gb-grid-column-76dffba8\"><div class=\"gb-container gb-container-76dffba8\"><div class=\"gb-inside-container\">\n\n<div style=\"height:33px\" aria-hidden=\"true\" class=\"wp-block-spacer\"><\/div>\n\n\n<div class=\"gb-grid-wrapper gb-grid-wrapper-1bb0366a\">\n<div class=\"gb-grid-column gb-grid-column-f9ba54c1\"><div class=\"gb-container gb-container-f9ba54c1\"><div class=\"gb-inside-container\"><\/div><\/div><\/div>\n\n<div class=\"gb-grid-column gb-grid-column-ca0994f3\"><div class=\"gb-container gb-container-ca0994f3\"><div class=\"gb-inside-container\">\n\n<h3 class=\"gb-headline gb-headline-b985f51f gb-headline-text\">My values<\/h3>\n\n\n\n<ul class=\"wp-block-list\">\n<li>Recognize the inherent uniqueness of each human being.<\/li>\n\n\n\n<li>Gives space to people in different dimensions of experience (physical, sensory,\nemotional, thought, deep being).<\/li>\n\n\n\n<li>Support a person's ability to choose and feel what they want.<\/li>\n\n\n\n<li>Create the space of trust and safety needed to touch your vulnerability.<\/li>\n\n\n\n<li>Acknowledge the diversity of choices, bodies and lifestyles.<\/li>\n<\/ul>\n\n<\/div><\/div><\/div>\n<\/div>\n\n\n<div style=\"height:20px\" aria-hidden=\"true\" class=\"wp-block-spacer\"><\/div>\n\n<\/div><\/div><\/div>\n<\/div>\n<\/div><\/div>\n\n<div class=\"gb-container gb-container-d2ae31cf\"><div class=\"gb-inside-container\">\n<div class=\"gb-grid-wrapper gb-grid-wrapper-4e5bb879\">\n<div class=\"gb-grid-column gb-grid-column-3c0ebc57\"><div class=\"gb-container gb-container-3c0ebc57\"><div class=\"gb-inside-container\">\n<div class=\"gb-grid-wrapper gb-grid-wrapper-1e6acd5d\">\n<div class=\"gb-grid-column gb-grid-column-071f5be5\"><div class=\"gb-container gb-container-071f5be5\"><div class=\"gb-inside-container\">\n\n<h3 class=\"gb-headline gb-headline-7ae01f5c gb-headline-text\">My background<\/h3>\n\n\n\n<p>I was born in Quebec where I obtained a college diploma (DEC) in Analytical Chemistry from C\u00e9gep de Valleyfield, Quebec. Afterwards, I completed a bachelor's degree in Administration at the \u00c9cole de commerce \u00e0 Montr\u00e9al (HEC), Qu\u00e9bec.<\/p>\n\n\n\n<p>After 15 years of work in administrative management, I decided to reorient my professional career. Having at heart helping others as much on a personal as on a professional level, I completed training based on 3 years of study at the Centre de relation d'aide de Montr\u00e9al (CRAM).<\/p>\n\n<\/div><\/div><\/div>\n\n<div class=\"gb-grid-column gb-grid-column-8c789bf9\"><div class=\"gb-container gb-container-8c789bf9\"><div class=\"gb-inside-container\">\n<div class=\"gb-container gb-container-f5216aa3\"><div class=\"gb-inside-container\"><\/div><\/div>\n<\/div><\/div><\/div>\n<\/div>\n<\/div><\/div><\/div>\n<\/div>\n<\/div><\/div>\n\n<div class=\"gb-container gb-container-199a15d0\"><div class=\"gb-inside-container\">\n<div class=\"gb-grid-wrapper gb-grid-wrapper-6660558e\">\n<div class=\"gb-grid-column gb-grid-column-7e3562eb\"><div class=\"gb-container gb-container-7e3562eb\"><div class=\"gb-inside-container\">\n\n<p>An important change occurred in Quebec in 2009, Bill 21, which defines and reserves the practice of psychotherapy, as well as the title of the psychotherapist, was adopted by the Quebec National Assembly. Therefore, I decided to undertake a new course of university studies in order to practice psychotherapy according to the new process of modernization of the professional practice in mental health and human relations.<\/p>\n\n<\/div><\/div><\/div>\n<\/div>\n<\/div><\/div>\n\n<div class=\"gb-container gb-container-61132796\"><div class=\"gb-inside-container\">\n<div class=\"gb-grid-wrapper gb-grid-wrapper-50fb082e\">\n<div class=\"gb-grid-column gb-grid-column-add07300\"><div class=\"gb-container gb-container-add07300\"><div class=\"gb-inside-container\">\n\n<p>J\u2019ai compl\u00e9t\u00e9 un programme de ma\u00eetrise en Counselling et Spiritualit\u00e9 avec une sp\u00e9cialisation pour Couple et Famille \u00e0 l\u2019Universit\u00e9 Saint-Paul \u00e0 Ottawa, en Ontario. Par la suite, j\u2019ai termin\u00e9 mon stage de 800 heures en psychoth\u00e9rapie \u00e0 l\u2019<a href=\"https:\/\/clairedumouchel.com\/en\/institut-argyle\/\"><strong>Institut Argyle de Montr\u00e9al<\/strong><\/a>.<\/p>\n\n<\/div><\/div><\/div>\n\n<div class=\"gb-grid-column gb-grid-column-097b332d\"><div class=\"gb-container gb-container-097b332d\"><div class=\"gb-inside-container\">\n\n<p>The importance of the affective dimension in the couple and the family inspired me to develop my skills by completing graduate training in perinatal psychology with the humanistic and psychodynamic approach (UQAM).<\/p>\n\n<\/div><\/div><\/div>\n<\/div>\n<\/div><\/div>","protected":false},"excerpt":{"rendered":"","protected":false},"author":1,"featured_media":0,"parent":0,"menu_order":0,"comment_status":"closed","ping_status":"closed","template":"","meta":{"footnotes":""},"class_list":["post-6","page","type-page","status-publish"],"yoast_head":"<!-- This site is optimized with the Yoast SEO plugin v27.2 - https:\/\/yoast.com\/product\/yoast-seo-wordpress\/ -->\n<title>Qui suis-je? &#8226; Claire Dumouchel - Psychoth\u00e9rapeute<\/title>\n<meta name=\"robots\" content=\"index, follow, max-snippet:-1, max-image-preview:large, max-video-preview:-1\" \/>\n<link rel=\"canonical\" href=\"https:\/\/clairedumouchel.com\/en\/psychotherapeute\/\" \/>\n<meta property=\"og:locale\" content=\"en_US\" \/>\n<meta property=\"og:type\" content=\"article\" \/>\n<meta property=\"og:title\" content=\"Qui suis-je? &#8226; Claire Dumouchel - Psychoth\u00e9rapeute\" \/>\n<meta property=\"og:url\" content=\"https:\/\/clairedumouchel.com\/en\/psychotherapeute\/\" \/>\n<meta property=\"og:site_name\" content=\"Claire Dumouchel - Psychoth\u00e9rapeute\" \/>\n<meta property=\"article:publisher\" content=\"https:\/\/www.facebook.com\/claire.dumouchel.psychotherapeute\" \/>\n<meta property=\"article:modified_time\" content=\"2022-11-02T13:17:54+00:00\" \/>\n<meta property=\"og:image\" content=\"https:\/\/clairedumouchel.com\/wp-content\/uploads\/2022\/10\/therapie-de-couple.webp\" \/>\n\t<meta property=\"og:image:width\" content=\"1200\" \/>\n\t<meta property=\"og:image:height\" content=\"628\" \/>\n\t<meta property=\"og:image:type\" content=\"image\/webp\" \/>\n<meta name=\"twitter:card\" content=\"summary_large_image\" \/>\n<meta name=\"twitter:label1\" content=\"Est. reading time\" \/>\n\t<meta name=\"twitter:data1\" content=\"2 minutes\" \/>\n<script type=\"application\/ld+json\" class=\"yoast-schema-graph\">{\"@context\":\"https:\/\/schema.org\",\"@graph\":[{\"@type\":\"WebPage\",\"@id\":\"https:\/\/clairedumouchel.com\/psychotherapeute\/\",\"url\":\"https:\/\/clairedumouchel.com\/psychotherapeute\/\",\"name\":\"Qui suis-je? &#8226; Claire Dumouchel - Psychoth\u00e9rapeute\",\"isPartOf\":{\"@id\":\"https:\/\/clairedumouchel.com\/#website\"},\"datePublished\":\"2022-10-09T22:48:26+00:00\",\"dateModified\":\"2022-11-02T13:17:54+00:00\",\"breadcrumb\":{\"@id\":\"https:\/\/clairedumouchel.com\/psychotherapeute\/#breadcrumb\"},\"inLanguage\":\"en-US\",\"potentialAction\":[{\"@type\":\"ReadAction\",\"target\":[\"https:\/\/clairedumouchel.com\/psychotherapeute\/\"]}]},{\"@type\":\"BreadcrumbList\",\"@id\":\"https:\/\/clairedumouchel.com\/psychotherapeute\/#breadcrumb\",\"itemListElement\":[{\"@type\":\"ListItem\",\"position\":1,\"name\":\"Accueil\",\"item\":\"https:\/\/clairedumouchel.com\/\"},{\"@type\":\"ListItem\",\"position\":2,\"name\":\"Qui suis-je?\"}]},{\"@type\":\"WebSite\",\"@id\":\"https:\/\/clairedumouchel.com\/#website\",\"url\":\"https:\/\/clairedumouchel.com\/\",\"name\":\"Claire Dumouchel Psychoth\u00e9rapie\",\"description\":\"\",\"publisher\":{\"@id\":\"https:\/\/clairedumouchel.com\/#organization\"},\"alternateName\":\"Claire Dumouchel Psychotherapy\",\"potentialAction\":[{\"@type\":\"SearchAction\",\"target\":{\"@type\":\"EntryPoint\",\"urlTemplate\":\"https:\/\/clairedumouchel.com\/?s={search_term_string}\"},\"query-input\":{\"@type\":\"PropertyValueSpecification\",\"valueRequired\":true,\"valueName\":\"search_term_string\"}}],\"inLanguage\":\"en-US\"},{\"@type\":\"Organization\",\"@id\":\"https:\/\/clairedumouchel.com\/#organization\",\"name\":\"Claire Dumouchel Psychoth\u00e9rapie\",\"alternateName\":\"Claire Dumouchel Psychotherapy\",\"url\":\"https:\/\/clairedumouchel.com\/\",\"logo\":{\"@type\":\"ImageObject\",\"inLanguage\":\"en-US\",\"@id\":\"https:\/\/clairedumouchel.com\/#\/schema\/logo\/image\/\",\"url\":\"https:\/\/clairedumouchel.com\/wp-content\/uploads\/2022\/11\/logos-claire-fr.png\",\"contentUrl\":\"https:\/\/clairedumouchel.com\/wp-content\/uploads\/2022\/11\/logos-claire-fr.png\",\"width\":229,\"height\":57,\"caption\":\"Claire Dumouchel Psychoth\u00e9rapie\"},\"image\":{\"@id\":\"https:\/\/clairedumouchel.com\/#\/schema\/logo\/image\/\"},\"sameAs\":[\"https:\/\/www.facebook.com\/claire.dumouchel.psychotherapeute\"]}]}<\/script>\n<!-- \/ Yoast SEO plugin. -->","yoast_head_json":{"title":"Qui suis-je? &#8226; Claire Dumouchel - Psychoth\u00e9rapeute","robots":{"index":"index","follow":"follow","max-snippet":"max-snippet:-1","max-image-preview":"max-image-preview:large","max-video-preview":"max-video-preview:-1"},"canonical":"https:\/\/clairedumouchel.com\/en\/psychotherapeute\/","og_locale":"en_US","og_type":"article","og_title":"Qui suis-je? &#8226; Claire Dumouchel - Psychoth\u00e9rapeute","og_url":"https:\/\/clairedumouchel.com\/en\/psychotherapeute\/","og_site_name":"Claire Dumouchel - Psychoth\u00e9rapeute","article_publisher":"https:\/\/www.facebook.com\/claire.dumouchel.psychotherapeute","article_modified_time":"2022-11-02T13:17:54+00:00","og_image":[{"width":1200,"height":628,"url":"https:\/\/clairedumouchel.com\/wp-content\/uploads\/2022\/10\/therapie-de-couple.webp","type":"image\/webp"}],"twitter_card":"summary_large_image","twitter_misc":{"Est. reading time":"2 minutes"},"schema":{"@context":"https:\/\/schema.org","@graph":[{"@type":"WebPage","@id":"https:\/\/clairedumouchel.com\/psychotherapeute\/","url":"https:\/\/clairedumouchel.com\/psychotherapeute\/","name":"Qui suis-je? &#8226; Claire Dumouchel - Psychoth\u00e9rapeute","isPartOf":{"@id":"https:\/\/clairedumouchel.com\/#website"},"datePublished":"2022-10-09T22:48:26+00:00","dateModified":"2022-11-02T13:17:54+00:00","breadcrumb":{"@id":"https:\/\/clairedumouchel.com\/psychotherapeute\/#breadcrumb"},"inLanguage":"en-US","potentialAction":[{"@type":"ReadAction","target":["https:\/\/clairedumouchel.com\/psychotherapeute\/"]}]},{"@type":"BreadcrumbList","@id":"https:\/\/clairedumouchel.com\/psychotherapeute\/#breadcrumb","itemListElement":[{"@type":"ListItem","position":1,"name":"Accueil","item":"https:\/\/clairedumouchel.com\/"},{"@type":"ListItem","position":2,"name":"Qui suis-je?"}]},{"@type":"WebSite","@id":"https:\/\/clairedumouchel.com\/#website","url":"https:\/\/clairedumouchel.com\/","name":"Claire Dumouchel Psychoth\u00e9rapie","description":"","publisher":{"@id":"https:\/\/clairedumouchel.com\/#organization"},"alternateName":"Claire Dumouchel Psychotherapy","potentialAction":[{"@type":"SearchAction","target":{"@type":"EntryPoint","urlTemplate":"https:\/\/clairedumouchel.com\/?s={search_term_string}"},"query-input":{"@type":"PropertyValueSpecification","valueRequired":true,"valueName":"search_term_string"}}],"inLanguage":"en-US"},{"@type":"Organization","@id":"https:\/\/clairedumouchel.com\/#organization","name":"Claire Dumouchel Psychoth\u00e9rapie","alternateName":"Claire Dumouchel Psychotherapy","url":"https:\/\/clairedumouchel.com\/","logo":{"@type":"ImageObject","inLanguage":"en-US","@id":"https:\/\/clairedumouchel.com\/#\/schema\/logo\/image\/","url":"https:\/\/clairedumouchel.com\/wp-content\/uploads\/2022\/11\/logos-claire-fr.png","contentUrl":"https:\/\/clairedumouchel.com\/wp-content\/uploads\/2022\/11\/logos-claire-fr.png","width":229,"height":57,"caption":"Claire Dumouchel Psychoth\u00e9rapie"},"image":{"@id":"https:\/\/clairedumouchel.com\/#\/schema\/logo\/image\/"},"sameAs":["https:\/\/www.facebook.com\/claire.dumouchel.psychotherapeute"]}]}},"_links":{"self":[{"href":"https:\/\/clairedumouchel.com\/en\/wp-json\/wp\/v2\/pages\/6","targetHints":{"allow":["GET"]}}],"collection":[{"href":"https:\/\/clairedumouchel.com\/en\/wp-json\/wp\/v2\/pages"}],"about":[{"href":"https:\/\/clairedumouchel.com\/en\/wp-json\/wp\/v2\/types\/page"}],"author":[{"embeddable":true,"href":"https:\/\/clairedumouchel.com\/en\/wp-json\/wp\/v2\/users\/1"}],"replies":[{"embeddable":true,"href":"https:\/\/clairedumouchel.com\/en\/wp-json\/wp\/v2\/comments?post=6"}],"version-history":[{"count":35,"href":"https:\/\/clairedumouchel.com\/en\/wp-json\/wp\/v2\/pages\/6\/revisions"}],"predecessor-version":[{"id":785,"href":"https:\/\/clairedumouchel.com\/en\/wp-json\/wp\/v2\/pages\/6\/revisions\/785"}],"wp:attachment":[{"href":"https:\/\/clairedumouchel.com\/en\/wp-json\/wp\/v2\/media?parent=6"}],"curies":[{"name":"wp","href":"https:\/\/api.w.org\/{rel}","templated":true}]}}