{"id":56,"date":"2022-10-10T03:46:27","date_gmt":"2022-10-10T07:46:27","guid":{"rendered":"https:\/\/clairedumouchel.com\/?page_id=56"},"modified":"2022-11-02T09:09:43","modified_gmt":"2022-11-02T13:09:43","slug":"rendez-vous","status":"publish","type":"page","link":"https:\/\/clairedumouchel.com\/en\/rendez-vous\/","title":{"rendered":"Make an appointment"},"content":{"rendered":"<h2 class=\"gb-headline gb-headline-dc1e73da gb-headline-text\">Make an appointment in a few clicks!<\/h2>\n\n\n\n<p class=\"has-text-align-center\" style=\"font-size:18px\">I offer online psychotherapy services. If in-person appointments represent a challenge in your busy schedule, you can still benefit from the help of a psychotherapist in order to work in individual sessions or consult in couples therapy.<\/p>\n\n\n<div class=\"gb-container gb-container-80c78cc8\"><div class=\"gb-inside-container\">\n<div class=\"gb-grid-wrapper gb-grid-wrapper-bcfd3ee8\">\n<div class=\"gb-grid-column gb-grid-column-56e66d9c\"><div class=\"gb-container gb-container-56e66d9c\"><div class=\"gb-inside-container\">\n\n\n<script>!function (d, s) { var js, sid = \"gorendezvous-bookingwidget-script\"; var sEl = d.getElementById(sid); if(sEl) { sEl.parentNode.removeChild(sEl); } js = d.createElement(s); js.id = sid; js.src = \"https:\/\/www.gorendezvous.com\/Scripts\/gorendezvous.bookingWidgetV2.min.js?v=\" + (Math.floor(new Date().getTime()\/(1000*60*30))*(1000*60*30)).toString(); d.body.appendChild(js); } (document, \"script\");<\/script>\n\n\n\n<center><div data-professionalpagename=\"clairedumouchel\" data-bookingwidgeturlparams=\"companyId=109176\" data-language=\"en\" data-label=\"Make an appointment\" data-url=\"https:\/\/www.gorendezvous.com\/\" class=\"gorendezvous-button\" data-buttoncolor=\"inverse\" data-width=\"280px\" data-height=\"50px\"><a href=\"https:\/\/www.gorendezvous.com\/en\/clairedumouchel?companyId=109176\" target=\"GOrendezvous\" rel=\"noopener\">Make an appointment<\/a><\/div>\n<script>!function (d, s) { var js, sid = \"gorendezvous-bookingwidget-script\"; var sEl = d.getElementById(sid); if(sEl) { sEl.parentNode.removeChild(sEl); } js = d.createElement(s); js.id = sid; js.src = \"https:\/\/www.gorendezvous.com\/Scripts\/gorendezvous.bookingWidgetV2.min.js?v=\" + (Math.floor(new Date().getTime()\/(1000*60*30))*(1000*60*30)).toString(); d.body.appendChild(js); } (document, \"script\");<\/script>\n\n\n\n<div style=\"height:17px\" aria-hidden=\"true\" class=\"wp-block-spacer\"><\/div>\n\n<\/div><\/div><\/div>\n<\/div>\n<\/div><\/div>\n\n\n<p class=\"has-text-align-center\" style=\"font-size:18px\">After the first session, you will have access to my calendar so that you can plan the next session with me. Psychotherapy services can be done by (Zoom, Skype or Messenger) wherever you are.<\/p>\n\n\n<div class=\"gb-container gb-container-7739c172\"><div class=\"gb-inside-container\">\n<div class=\"gb-grid-wrapper gb-grid-wrapper-c2632ea5\">\n<div class=\"gb-grid-column gb-grid-column-c1e5dff0\"><div class=\"gb-container gb-container-c1e5dff0\"><div class=\"gb-inside-container\">\n\n<div style=\"height:83px\" aria-hidden=\"true\" class=\"wp-block-spacer\"><\/div>\n\n<\/div><\/div><\/div>\n<\/div>\n<\/div><\/div>","protected":false},"excerpt":{"rendered":"<p>Prenez rendez-vous en quelques clics! J\u2019offre des services de psychoth\u00e9rapie en ligne. Si les rendez-vous en personne repr\u00e9sentent un d\u00e9fi dans votre horaire charg\u00e9, vous &#8230; <a title=\"Make an appointment\" class=\"read-more\" href=\"https:\/\/clairedumouchel.com\/en\/rendez-vous\/\" aria-label=\"Read more about Prendre rendez-vous\">Read more<\/a><\/p>","protected":false},"author":1,"featured_media":0,"parent":0,"menu_order":0,"comment_status":"closed","ping_status":"closed","template":"","meta":{"footnotes":""},"class_list":["post-56","page","type-page","status-publish"],"yoast_head":"<!-- This site is optimized with the Yoast SEO plugin v27.2 - https:\/\/yoast.com\/product\/yoast-seo-wordpress\/ -->\n<title>Prendre rendez-vous &#8226; Claire Dumouchel - Psychoth\u00e9rapeute<\/title>\n<meta name=\"robots\" content=\"index, follow, max-snippet:-1, max-image-preview:large, max-video-preview:-1\" \/>\n<link rel=\"canonical\" href=\"https:\/\/clairedumouchel.com\/en\/rendez-vous\/\" \/>\n<meta property=\"og:locale\" content=\"en_US\" \/>\n<meta property=\"og:type\" content=\"article\" \/>\n<meta property=\"og:title\" content=\"Prendre rendez-vous &#8226; Claire Dumouchel - Psychoth\u00e9rapeute\" \/>\n<meta property=\"og:description\" content=\"Prenez rendez-vous en quelques clics! J\u2019offre des services de psychoth\u00e9rapie en ligne. Si les rendez-vous en personne repr\u00e9sentent un d\u00e9fi dans votre horaire charg\u00e9, vous ... Lire la suite\" \/>\n<meta property=\"og:url\" content=\"https:\/\/clairedumouchel.com\/en\/rendez-vous\/\" \/>\n<meta property=\"og:site_name\" content=\"Claire Dumouchel - Psychoth\u00e9rapeute\" \/>\n<meta property=\"article:publisher\" content=\"https:\/\/www.facebook.com\/claire.dumouchel.psychotherapeute\" \/>\n<meta property=\"article:modified_time\" content=\"2022-11-02T13:09:43+00:00\" \/>\n<meta property=\"og:image\" content=\"https:\/\/clairedumouchel.com\/wp-content\/uploads\/2022\/10\/therapie-de-couple.webp\" \/>\n\t<meta property=\"og:image:width\" content=\"1200\" \/>\n\t<meta property=\"og:image:height\" content=\"628\" \/>\n\t<meta property=\"og:image:type\" content=\"image\/webp\" \/>\n<meta name=\"twitter:card\" content=\"summary_large_image\" \/>\n<meta name=\"twitter:label1\" content=\"Est. reading time\" \/>\n\t<meta name=\"twitter:data1\" content=\"1 minute\" \/>\n<script type=\"application\/ld+json\" class=\"yoast-schema-graph\">{\"@context\":\"https:\/\/schema.org\",\"@graph\":[{\"@type\":\"WebPage\",\"@id\":\"https:\/\/clairedumouchel.com\/rendez-vous\/\",\"url\":\"https:\/\/clairedumouchel.com\/rendez-vous\/\",\"name\":\"Prendre rendez-vous &#8226; Claire Dumouchel - Psychoth\u00e9rapeute\",\"isPartOf\":{\"@id\":\"https:\/\/clairedumouchel.com\/#website\"},\"datePublished\":\"2022-10-10T07:46:27+00:00\",\"dateModified\":\"2022-11-02T13:09:43+00:00\",\"breadcrumb\":{\"@id\":\"https:\/\/clairedumouchel.com\/rendez-vous\/#breadcrumb\"},\"inLanguage\":\"en-US\",\"potentialAction\":[{\"@type\":\"ReadAction\",\"target\":[\"https:\/\/clairedumouchel.com\/rendez-vous\/\"]}]},{\"@type\":\"BreadcrumbList\",\"@id\":\"https:\/\/clairedumouchel.com\/rendez-vous\/#breadcrumb\",\"itemListElement\":[{\"@type\":\"ListItem\",\"position\":1,\"name\":\"Accueil\",\"item\":\"https:\/\/clairedumouchel.com\/\"},{\"@type\":\"ListItem\",\"position\":2,\"name\":\"Prendre rendez-vous\"}]},{\"@type\":\"WebSite\",\"@id\":\"https:\/\/clairedumouchel.com\/#website\",\"url\":\"https:\/\/clairedumouchel.com\/\",\"name\":\"Claire Dumouchel Psychoth\u00e9rapie\",\"description\":\"\",\"publisher\":{\"@id\":\"https:\/\/clairedumouchel.com\/#organization\"},\"alternateName\":\"Claire Dumouchel Psychotherapy\",\"potentialAction\":[{\"@type\":\"SearchAction\",\"target\":{\"@type\":\"EntryPoint\",\"urlTemplate\":\"https:\/\/clairedumouchel.com\/?s={search_term_string}\"},\"query-input\":{\"@type\":\"PropertyValueSpecification\",\"valueRequired\":true,\"valueName\":\"search_term_string\"}}],\"inLanguage\":\"en-US\"},{\"@type\":\"Organization\",\"@id\":\"https:\/\/clairedumouchel.com\/#organization\",\"name\":\"Claire Dumouchel Psychoth\u00e9rapie\",\"alternateName\":\"Claire Dumouchel Psychotherapy\",\"url\":\"https:\/\/clairedumouchel.com\/\",\"logo\":{\"@type\":\"ImageObject\",\"inLanguage\":\"en-US\",\"@id\":\"https:\/\/clairedumouchel.com\/#\/schema\/logo\/image\/\",\"url\":\"https:\/\/clairedumouchel.com\/wp-content\/uploads\/2022\/11\/logos-claire-fr.png\",\"contentUrl\":\"https:\/\/clairedumouchel.com\/wp-content\/uploads\/2022\/11\/logos-claire-fr.png\",\"width\":229,\"height\":57,\"caption\":\"Claire Dumouchel Psychoth\u00e9rapie\"},\"image\":{\"@id\":\"https:\/\/clairedumouchel.com\/#\/schema\/logo\/image\/\"},\"sameAs\":[\"https:\/\/www.facebook.com\/claire.dumouchel.psychotherapeute\"]}]}<\/script>\n<!-- \/ Yoast SEO plugin. -->","yoast_head_json":{"title":"Prendre rendez-vous &#8226; Claire Dumouchel - Psychoth\u00e9rapeute","robots":{"index":"index","follow":"follow","max-snippet":"max-snippet:-1","max-image-preview":"max-image-preview:large","max-video-preview":"max-video-preview:-1"},"canonical":"https:\/\/clairedumouchel.com\/en\/rendez-vous\/","og_locale":"en_US","og_type":"article","og_title":"Prendre rendez-vous &#8226; Claire Dumouchel - Psychoth\u00e9rapeute","og_description":"Prenez rendez-vous en quelques clics! J\u2019offre des services de psychoth\u00e9rapie en ligne. Si les rendez-vous en personne repr\u00e9sentent un d\u00e9fi dans votre horaire charg\u00e9, vous ... Lire la suite","og_url":"https:\/\/clairedumouchel.com\/en\/rendez-vous\/","og_site_name":"Claire Dumouchel - Psychoth\u00e9rapeute","article_publisher":"https:\/\/www.facebook.com\/claire.dumouchel.psychotherapeute","article_modified_time":"2022-11-02T13:09:43+00:00","og_image":[{"width":1200,"height":628,"url":"https:\/\/clairedumouchel.com\/wp-content\/uploads\/2022\/10\/therapie-de-couple.webp","type":"image\/webp"}],"twitter_card":"summary_large_image","twitter_misc":{"Est. reading time":"1 minute"},"schema":{"@context":"https:\/\/schema.org","@graph":[{"@type":"WebPage","@id":"https:\/\/clairedumouchel.com\/rendez-vous\/","url":"https:\/\/clairedumouchel.com\/rendez-vous\/","name":"Prendre rendez-vous &#8226; Claire Dumouchel - Psychoth\u00e9rapeute","isPartOf":{"@id":"https:\/\/clairedumouchel.com\/#website"},"datePublished":"2022-10-10T07:46:27+00:00","dateModified":"2022-11-02T13:09:43+00:00","breadcrumb":{"@id":"https:\/\/clairedumouchel.com\/rendez-vous\/#breadcrumb"},"inLanguage":"en-US","potentialAction":[{"@type":"ReadAction","target":["https:\/\/clairedumouchel.com\/rendez-vous\/"]}]},{"@type":"BreadcrumbList","@id":"https:\/\/clairedumouchel.com\/rendez-vous\/#breadcrumb","itemListElement":[{"@type":"ListItem","position":1,"name":"Accueil","item":"https:\/\/clairedumouchel.com\/"},{"@type":"ListItem","position":2,"name":"Prendre rendez-vous"}]},{"@type":"WebSite","@id":"https:\/\/clairedumouchel.com\/#website","url":"https:\/\/clairedumouchel.com\/","name":"Claire Dumouchel Psychoth\u00e9rapie","description":"","publisher":{"@id":"https:\/\/clairedumouchel.com\/#organization"},"alternateName":"Claire Dumouchel Psychotherapy","potentialAction":[{"@type":"SearchAction","target":{"@type":"EntryPoint","urlTemplate":"https:\/\/clairedumouchel.com\/?s={search_term_string}"},"query-input":{"@type":"PropertyValueSpecification","valueRequired":true,"valueName":"search_term_string"}}],"inLanguage":"en-US"},{"@type":"Organization","@id":"https:\/\/clairedumouchel.com\/#organization","name":"Claire Dumouchel Psychoth\u00e9rapie","alternateName":"Claire Dumouchel Psychotherapy","url":"https:\/\/clairedumouchel.com\/","logo":{"@type":"ImageObject","inLanguage":"en-US","@id":"https:\/\/clairedumouchel.com\/#\/schema\/logo\/image\/","url":"https:\/\/clairedumouchel.com\/wp-content\/uploads\/2022\/11\/logos-claire-fr.png","contentUrl":"https:\/\/clairedumouchel.com\/wp-content\/uploads\/2022\/11\/logos-claire-fr.png","width":229,"height":57,"caption":"Claire Dumouchel Psychoth\u00e9rapie"},"image":{"@id":"https:\/\/clairedumouchel.com\/#\/schema\/logo\/image\/"},"sameAs":["https:\/\/www.facebook.com\/claire.dumouchel.psychotherapeute"]}]}},"_links":{"self":[{"href":"https:\/\/clairedumouchel.com\/en\/wp-json\/wp\/v2\/pages\/56","targetHints":{"allow":["GET"]}}],"collection":[{"href":"https:\/\/clairedumouchel.com\/en\/wp-json\/wp\/v2\/pages"}],"about":[{"href":"https:\/\/clairedumouchel.com\/en\/wp-json\/wp\/v2\/types\/page"}],"author":[{"embeddable":true,"href":"https:\/\/clairedumouchel.com\/en\/wp-json\/wp\/v2\/users\/1"}],"replies":[{"embeddable":true,"href":"https:\/\/clairedumouchel.com\/en\/wp-json\/wp\/v2\/comments?post=56"}],"version-history":[{"count":137,"href":"https:\/\/clairedumouchel.com\/en\/wp-json\/wp\/v2\/pages\/56\/revisions"}],"predecessor-version":[{"id":781,"href":"https:\/\/clairedumouchel.com\/en\/wp-json\/wp\/v2\/pages\/56\/revisions\/781"}],"wp:attachment":[{"href":"https:\/\/clairedumouchel.com\/en\/wp-json\/wp\/v2\/media?parent=56"}],"curies":[{"name":"wp","href":"https:\/\/api.w.org\/{rel}","templated":true}]}}