{"id":363,"date":"2022-10-16T15:23:59","date_gmt":"2022-10-16T19:23:59","guid":{"rendered":"https:\/\/clairedumouchel.com\/?page_id=363"},"modified":"2022-11-02T04:21:39","modified_gmt":"2022-11-02T08:21:39","slug":"psychotherapie-familiale","status":"publish","type":"page","link":"https:\/\/clairedumouchel.com\/en\/psychotherapie-familiale\/","title":{"rendered":"Family psychotherapy"},"content":{"rendered":"<div class=\"gb-container gb-container-84ed108c\"><div class=\"gb-inside-container\">\n<div class=\"gb-grid-wrapper gb-grid-wrapper-9c8858d5\">\n<div class=\"gb-grid-column gb-grid-column-088c0eae\"><div class=\"gb-container gb-container-088c0eae\"><div class=\"gb-inside-container\">\n<div class=\"gb-grid-wrapper gb-grid-wrapper-89ff39de\">\n<div class=\"gb-grid-column gb-grid-column-23215220\"><div class=\"gb-container gb-container-23215220\"><div class=\"gb-inside-container\"><\/div><\/div><\/div>\n\n<div class=\"gb-grid-column gb-grid-column-bca9dcc4\"><div class=\"gb-container gb-container-bca9dcc4\"><div class=\"gb-inside-container\">\n\n<h2 class=\"gb-headline gb-headline-430ded12 gb-headline-text\">Is family therapy for me?<\/h2>\n\n\n\n<p>Many stressors arise in families during the evolutionary process of forming family\nmembers' identities.<\/p>\n\n\n\n<p>When family dynamics are in turmoil, online psychotherapy with mental health professionals can provide the support you need. <\/p>\n\n\n\n<p>This type of therapy helps identify conflicting factors, set goals and find effective solutions.<\/p>\n\n<\/div><\/div><\/div>\n<\/div>\n\n\n<div style=\"height:20px\" aria-hidden=\"true\" class=\"wp-block-spacer\"><\/div>\n\n\n\n<p>Family therapy analyzes your behaviour and the way you communicate. You will also\nwork on how you express your feelings, your ability to solve problems, etc. Therapy\nallows you to identify your family's strengths in order to address their weaknesses.<\/p>\n\n\n\n<h4 class=\"gb-headline gb-headline-356c0d9e gb-headline-text\">Family therapists can guide families through difficult times and help them form lasting\nbonds.<\/h4>\n\n\n\n<div style=\"height:22px\" aria-hidden=\"true\" class=\"wp-block-spacer\"><\/div>\n\n\n<div class=\"gb-grid-wrapper gb-grid-wrapper-b0e64d91\">\n<div class=\"gb-grid-column gb-grid-column-054d5593\"><div class=\"gb-container gb-container-054d5593\"><div class=\"gb-inside-container\">\n\n<ul class=\"wp-block-list\">\n<li>Mourning<\/li>\n\n\n\n<li>The divorce<\/li>\n\n\n\n<li>Family conflicts&nbsp;<\/li>\n\n\n\n<li>The parent-adolescent relationship&nbsp;<\/li>\n\n\n\n<li>Communication difficulties&nbsp;<\/li>\n\n\n\n<li>Communication difficulties<\/li>\n\n\n\n<li>The education of your children or the children of your spouse&nbsp;<\/li>\n<\/ul>\n\n<\/div><\/div><\/div>\n\n<div class=\"gb-grid-column gb-grid-column-2a3d53cd\"><div class=\"gb-container gb-container-2a3d53cd\"><div class=\"gb-inside-container\">\n\n<blockquote class=\"wp-block-quote is-style-plain is-layout-flow wp-block-quote-is-layout-flow\">\n<p>\u00ab\u00a0La th\u00e9rapie peut vous apporter un<br>changement profond et durable. Individuel ou familial\u00a0\u00bb.<\/p>\n<\/blockquote>\n\n<\/div><\/div><\/div>\n<\/div>\n\n\n<div style=\"height:30px\" aria-hidden=\"true\" class=\"wp-block-spacer\"><\/div>\n\n\n\n<div class=\"wp-block-buttons is-content-justification-center is-layout-flex wp-container-core-buttons-is-layout-16018d1d wp-block-buttons-is-layout-flex\">\n<div class=\"wp-block-button\"><a class=\"wp-block-button__link has-black-background-color has-background wp-element-button\" href=\"https:\/\/clairedumouchel.com\/en\/rendez-vous\/\" style=\"border-radius:6px\">Request an appointment<\/a><\/div>\n<\/div>\n\n\n\n<div style=\"height:43px\" aria-hidden=\"true\" class=\"wp-block-spacer\"><\/div>\n\n\n<div class=\"stars-testimonials premio-testimonials-grid\" id=\"st-1013555894\"><div class=\"premio-testimonials-content grid\"><div class=\"pre-testimonials-content col-1-2\"><div class=\"figure style4 st-testimonial-bg\">\r\n  <div class=\"blockquote st-testimonial-content\"><p class=\"x_MsoNormal\">I feel very fortunate to be working with Claire as our family therapist. We have a particularly challenging family dynamic and need someone who is knowledgeable, experienced and very patient to help us navigate through this storm. The journey is not easy but Claire is there to\u00a0show us the way.<\/p><\/div>\r\n            \t<div class=\"starrating st-rating\" title=\"Rated 5.0 out of 5.0\">\r\n    \t\t<i class=\"pst-star\"><\/i><i class=\"pst-star\"><\/i><i class=\"pst-star\"><\/i><i class=\"pst-star\"><\/i><i class=\"pst-star\"><\/i>    \t<\/div>\r\n  <div class=\"star-author\">    <h5 class=\"st-testimonial-title\">Nathalie G.<\/h5><span class=\"st-testimonial-company\">- <\/span>\r\n  <\/div>\r\n<\/div><\/div><div class=\"pre-testimonials-content col-1-2\"><div class=\"figure style4 st-testimonial-bg\">\r\n  <div class=\"blockquote st-testimonial-content\"><p>\u00ab\u00a0Claire m&rsquo;a \u00e9t\u00e9 r\u00e9f\u00e9r\u00e9e initialement pour son expertise en mati\u00e8re de conseil relationnel et j&rsquo;ai depuis poursuivi ma th\u00e9rapie avec elle sur une base individuelle. D\u00e8s les premi\u00e8res s\u00e9ances, Claire a cr\u00e9\u00e9 un forum ouvert et chaleureux pour que chaque personne puisse exprimer ses probl\u00e8mes et commencer \u00e0 r\u00e9parer la relation bris\u00e9e. Elle a fait preuve d&#8217;empathie et d&rsquo;\u00e9quit\u00e9, redirigeant facilement la conversation vers des r\u00e9flexions significatives et l&rsquo;\u00e9coute de l&rsquo;autre. En tant que th\u00e9rapeute personnelle, Claire a maintenu une approche humaine et logique pour travailler sur certains probl\u00e8mes r\u00e9currents li\u00e9s \u00e0 l&rsquo;\u00e9quilibre entre la maternit\u00e9 et les objectifs professionnels, et plus g\u00e9n\u00e9ralement, pour trouver sa propre voix. Elle est r\u00e9fl\u00e9chie, patiente et g\u00e9n\u00e9reuse. Nos s\u00e9ances de th\u00e9rapie ensemble m&rsquo;ont apport\u00e9 beaucoup de compr\u00e9hension et de confiance et je continuerai \u00e0 apprendre de notre travail ensemble.\u00a0\u00bb<\/p>\n<\/div>\r\n            \t<div class=\"starrating st-rating\" title=\"Rated 5.0 out of 5.0\">\r\n    \t\t<i class=\"pst-star\"><\/i><i class=\"pst-star\"><\/i><i class=\"pst-star\"><\/i><i class=\"pst-star\"><\/i><i class=\"pst-star\"><\/i>    \t<\/div>\r\n  <div class=\"star-author\">    <h5 class=\"st-testimonial-title\">Camille M.<\/h5><span class=\"st-testimonial-company\">- <\/span>\r\n  <\/div>\r\n<\/div><\/div><\/div><\/div><style>#st-1013555894 .st-rating { color:  #ffd851; }#st-1013555894 .st-testimonial-content { color:  #333333; }#st-1013555894 .st-testimonial-content p { color:  #333333; }#st-1013555894 .st-testimonial-bg { background-color: #fafafa; }#st-1013555894 .style7 { border-bottom-color: #fafafa; }#st-1013555894 .style7::before { background-color: #fafafa; }#st-1013555894 .st-style17 .st-testimonial-bg::before { border-color: transparent transparent transparent #fafafa; }#st-1013555894 .st-testimonial-title { color: #333333; }#st-1013555894 .st-testimonial-company { color: #333333; }<\/style>\n\n\n\n<div style=\"height:100px\" aria-hidden=\"true\" class=\"wp-block-spacer\"><\/div>\n\n<\/div><\/div><\/div>\n<\/div>\n<\/div><\/div>","protected":false},"excerpt":{"rendered":"","protected":false},"author":1,"featured_media":0,"parent":0,"menu_order":0,"comment_status":"closed","ping_status":"closed","template":"","meta":{"footnotes":""},"class_list":["post-363","page","type-page","status-publish","hentry"],"yoast_head":"<!-- This site is optimized with the Yoast SEO plugin v27.2 - https:\/\/yoast.com\/product\/yoast-seo-wordpress\/ -->\n<title>Psychoth\u00e9rapie familiale &#8226; Claire Dumouchel - Psychoth\u00e9rapeute<\/title>\n<meta name=\"description\" content=\"Lorsque votre dynamique familiale devient probl\u00e9matique, la psychoth\u00e9rapie en ligne peut vous apporter le soutien dont vous avez besoin.\" \/>\n<meta name=\"robots\" content=\"index, follow, max-snippet:-1, max-image-preview:large, max-video-preview:-1\" \/>\n<link rel=\"canonical\" href=\"https:\/\/clairedumouchel.com\/en\/psychotherapie-familiale\/\" \/>\n<meta property=\"og:locale\" content=\"en_US\" \/>\n<meta property=\"og:type\" content=\"article\" \/>\n<meta property=\"og:title\" content=\"Psychoth\u00e9rapie familiale &#8226; Claire Dumouchel - Psychoth\u00e9rapeute\" \/>\n<meta property=\"og:description\" content=\"Lorsque votre dynamique familiale devient probl\u00e9matique, la psychoth\u00e9rapie en ligne peut vous apporter le soutien dont vous avez besoin.\" \/>\n<meta property=\"og:url\" content=\"https:\/\/clairedumouchel.com\/en\/psychotherapie-familiale\/\" \/>\n<meta property=\"og:site_name\" content=\"Claire Dumouchel - Psychoth\u00e9rapeute\" \/>\n<meta property=\"article:publisher\" content=\"https:\/\/www.facebook.com\/claire.dumouchel.psychotherapeute\" \/>\n<meta property=\"article:modified_time\" content=\"2022-11-02T08:21:39+00:00\" \/>\n<meta property=\"og:image\" content=\"https:\/\/clairedumouchel.com\/wp-content\/uploads\/2022\/10\/psychotherapeute-e1667093332261.png\" \/>\n\t<meta property=\"og:image:width\" content=\"1492\" \/>\n\t<meta property=\"og:image:height\" content=\"822\" \/>\n\t<meta property=\"og:image:type\" content=\"image\/png\" \/>\n<meta name=\"twitter:card\" content=\"summary_large_image\" \/>\n<meta name=\"twitter:label1\" content=\"Est. reading time\" \/>\n\t<meta name=\"twitter:data1\" content=\"2 minutes\" \/>\n<script type=\"application\/ld+json\" class=\"yoast-schema-graph\">{\"@context\":\"https:\/\/schema.org\",\"@graph\":[{\"@type\":\"WebPage\",\"@id\":\"https:\/\/clairedumouchel.com\/psychotherapie-familiale\/\",\"url\":\"https:\/\/clairedumouchel.com\/psychotherapie-familiale\/\",\"name\":\"Psychoth\u00e9rapie familiale &#8226; Claire Dumouchel - Psychoth\u00e9rapeute\",\"isPartOf\":{\"@id\":\"https:\/\/clairedumouchel.com\/#website\"},\"datePublished\":\"2022-10-16T19:23:59+00:00\",\"dateModified\":\"2022-11-02T08:21:39+00:00\",\"description\":\"Lorsque votre dynamique familiale devient probl\u00e9matique, la psychoth\u00e9rapie en ligne peut vous apporter le soutien dont vous avez besoin.\",\"breadcrumb\":{\"@id\":\"https:\/\/clairedumouchel.com\/psychotherapie-familiale\/#breadcrumb\"},\"inLanguage\":\"en-US\",\"potentialAction\":[{\"@type\":\"ReadAction\",\"target\":[\"https:\/\/clairedumouchel.com\/psychotherapie-familiale\/\"]}]},{\"@type\":\"BreadcrumbList\",\"@id\":\"https:\/\/clairedumouchel.com\/psychotherapie-familiale\/#breadcrumb\",\"itemListElement\":[{\"@type\":\"ListItem\",\"position\":1,\"name\":\"Accueil\",\"item\":\"https:\/\/clairedumouchel.com\/\"},{\"@type\":\"ListItem\",\"position\":2,\"name\":\"Psychoth\u00e9rapie familiale\"}]},{\"@type\":\"WebSite\",\"@id\":\"https:\/\/clairedumouchel.com\/#website\",\"url\":\"https:\/\/clairedumouchel.com\/\",\"name\":\"Claire Dumouchel Psychoth\u00e9rapie\",\"description\":\"\",\"publisher\":{\"@id\":\"https:\/\/clairedumouchel.com\/#organization\"},\"alternateName\":\"Claire Dumouchel Psychotherapy\",\"potentialAction\":[{\"@type\":\"SearchAction\",\"target\":{\"@type\":\"EntryPoint\",\"urlTemplate\":\"https:\/\/clairedumouchel.com\/?s={search_term_string}\"},\"query-input\":{\"@type\":\"PropertyValueSpecification\",\"valueRequired\":true,\"valueName\":\"search_term_string\"}}],\"inLanguage\":\"en-US\"},{\"@type\":\"Organization\",\"@id\":\"https:\/\/clairedumouchel.com\/#organization\",\"name\":\"Claire Dumouchel Psychoth\u00e9rapie\",\"alternateName\":\"Claire Dumouchel Psychotherapy\",\"url\":\"https:\/\/clairedumouchel.com\/\",\"logo\":{\"@type\":\"ImageObject\",\"inLanguage\":\"en-US\",\"@id\":\"https:\/\/clairedumouchel.com\/#\/schema\/logo\/image\/\",\"url\":\"https:\/\/clairedumouchel.com\/wp-content\/uploads\/2022\/11\/logos-claire-fr.png\",\"contentUrl\":\"https:\/\/clairedumouchel.com\/wp-content\/uploads\/2022\/11\/logos-claire-fr.png\",\"width\":229,\"height\":57,\"caption\":\"Claire Dumouchel Psychoth\u00e9rapie\"},\"image\":{\"@id\":\"https:\/\/clairedumouchel.com\/#\/schema\/logo\/image\/\"},\"sameAs\":[\"https:\/\/www.facebook.com\/claire.dumouchel.psychotherapeute\"]}]}<\/script>\n<!-- \/ Yoast SEO plugin. -->","yoast_head_json":{"title":"Psychoth\u00e9rapie familiale &#8226; Claire Dumouchel - Psychoth\u00e9rapeute","description":"Lorsque votre dynamique familiale devient probl\u00e9matique, la psychoth\u00e9rapie en ligne peut vous apporter le soutien dont vous avez besoin.","robots":{"index":"index","follow":"follow","max-snippet":"max-snippet:-1","max-image-preview":"max-image-preview:large","max-video-preview":"max-video-preview:-1"},"canonical":"https:\/\/clairedumouchel.com\/en\/psychotherapie-familiale\/","og_locale":"en_US","og_type":"article","og_title":"Psychoth\u00e9rapie familiale &#8226; Claire Dumouchel - Psychoth\u00e9rapeute","og_description":"Lorsque votre dynamique familiale devient probl\u00e9matique, la psychoth\u00e9rapie en ligne peut vous apporter le soutien dont vous avez besoin.","og_url":"https:\/\/clairedumouchel.com\/en\/psychotherapie-familiale\/","og_site_name":"Claire Dumouchel - Psychoth\u00e9rapeute","article_publisher":"https:\/\/www.facebook.com\/claire.dumouchel.psychotherapeute","article_modified_time":"2022-11-02T08:21:39+00:00","og_image":[{"width":1492,"height":822,"url":"https:\/\/clairedumouchel.com\/wp-content\/uploads\/2022\/10\/psychotherapeute-e1667093332261.png","type":"image\/png"}],"twitter_card":"summary_large_image","twitter_misc":{"Est. reading time":"2 minutes"},"schema":{"@context":"https:\/\/schema.org","@graph":[{"@type":"WebPage","@id":"https:\/\/clairedumouchel.com\/psychotherapie-familiale\/","url":"https:\/\/clairedumouchel.com\/psychotherapie-familiale\/","name":"Psychoth\u00e9rapie familiale &#8226; Claire Dumouchel - Psychoth\u00e9rapeute","isPartOf":{"@id":"https:\/\/clairedumouchel.com\/#website"},"datePublished":"2022-10-16T19:23:59+00:00","dateModified":"2022-11-02T08:21:39+00:00","description":"Lorsque votre dynamique familiale devient probl\u00e9matique, la psychoth\u00e9rapie en ligne peut vous apporter le soutien dont vous avez besoin.","breadcrumb":{"@id":"https:\/\/clairedumouchel.com\/psychotherapie-familiale\/#breadcrumb"},"inLanguage":"en-US","potentialAction":[{"@type":"ReadAction","target":["https:\/\/clairedumouchel.com\/psychotherapie-familiale\/"]}]},{"@type":"BreadcrumbList","@id":"https:\/\/clairedumouchel.com\/psychotherapie-familiale\/#breadcrumb","itemListElement":[{"@type":"ListItem","position":1,"name":"Accueil","item":"https:\/\/clairedumouchel.com\/"},{"@type":"ListItem","position":2,"name":"Psychoth\u00e9rapie familiale"}]},{"@type":"WebSite","@id":"https:\/\/clairedumouchel.com\/#website","url":"https:\/\/clairedumouchel.com\/","name":"Claire Dumouchel Psychoth\u00e9rapie","description":"","publisher":{"@id":"https:\/\/clairedumouchel.com\/#organization"},"alternateName":"Claire Dumouchel Psychotherapy","potentialAction":[{"@type":"SearchAction","target":{"@type":"EntryPoint","urlTemplate":"https:\/\/clairedumouchel.com\/?s={search_term_string}"},"query-input":{"@type":"PropertyValueSpecification","valueRequired":true,"valueName":"search_term_string"}}],"inLanguage":"en-US"},{"@type":"Organization","@id":"https:\/\/clairedumouchel.com\/#organization","name":"Claire Dumouchel Psychoth\u00e9rapie","alternateName":"Claire Dumouchel Psychotherapy","url":"https:\/\/clairedumouchel.com\/","logo":{"@type":"ImageObject","inLanguage":"en-US","@id":"https:\/\/clairedumouchel.com\/#\/schema\/logo\/image\/","url":"https:\/\/clairedumouchel.com\/wp-content\/uploads\/2022\/11\/logos-claire-fr.png","contentUrl":"https:\/\/clairedumouchel.com\/wp-content\/uploads\/2022\/11\/logos-claire-fr.png","width":229,"height":57,"caption":"Claire Dumouchel Psychoth\u00e9rapie"},"image":{"@id":"https:\/\/clairedumouchel.com\/#\/schema\/logo\/image\/"},"sameAs":["https:\/\/www.facebook.com\/claire.dumouchel.psychotherapeute"]}]}},"_links":{"self":[{"href":"https:\/\/clairedumouchel.com\/en\/wp-json\/wp\/v2\/pages\/363","targetHints":{"allow":["GET"]}}],"collection":[{"href":"https:\/\/clairedumouchel.com\/en\/wp-json\/wp\/v2\/pages"}],"about":[{"href":"https:\/\/clairedumouchel.com\/en\/wp-json\/wp\/v2\/types\/page"}],"author":[{"embeddable":true,"href":"https:\/\/clairedumouchel.com\/en\/wp-json\/wp\/v2\/users\/1"}],"replies":[{"embeddable":true,"href":"https:\/\/clairedumouchel.com\/en\/wp-json\/wp\/v2\/comments?post=363"}],"version-history":[{"count":22,"href":"https:\/\/clairedumouchel.com\/en\/wp-json\/wp\/v2\/pages\/363\/revisions"}],"predecessor-version":[{"id":745,"href":"https:\/\/clairedumouchel.com\/en\/wp-json\/wp\/v2\/pages\/363\/revisions\/745"}],"wp:attachment":[{"href":"https:\/\/clairedumouchel.com\/en\/wp-json\/wp\/v2\/media?parent=363"}],"curies":[{"name":"wp","href":"https:\/\/api.w.org\/{rel}","templated":true}]}}