{"id":360,"date":"2022-10-16T15:23:16","date_gmt":"2022-10-16T19:23:16","guid":{"rendered":"https:\/\/clairedumouchel.com\/?page_id=360"},"modified":"2022-11-03T20:16:07","modified_gmt":"2022-11-04T00:16:07","slug":"psychotherapie-couple","status":"publish","type":"page","link":"https:\/\/clairedumouchel.com\/en\/psychotherapie-couple\/","title":{"rendered":"Couple psychotherapy"},"content":{"rendered":"<div class=\"gb-container gb-container-ffa04a1c\"><div class=\"gb-inside-container\">\n<div class=\"gb-grid-wrapper gb-grid-wrapper-a3a82ab9\">\n<div class=\"gb-grid-column gb-grid-column-e27b4340\"><div class=\"gb-container gb-container-e27b4340\"><div class=\"gb-inside-container\">\n<div class=\"gb-grid-wrapper gb-grid-wrapper-f0369e21\">\n<div class=\"gb-grid-column gb-grid-column-272257b5\"><div class=\"gb-container gb-container-272257b5\"><div class=\"gb-inside-container\"><\/div><\/div><\/div>\n\n<div class=\"gb-grid-column gb-grid-column-fdf3426f\"><div class=\"gb-container gb-container-fdf3426f\"><div class=\"gb-inside-container\">\n\n<p style=\"font-size:26px\">Why go to couple therapy?<\/p>\n\n\n\n<p>The main goal of therapy is to help the couple re-establish dialogue and identify their\nproblems. By acting as a mediator, the therapist provides an opportunity for the couple\nto express their views, needs and expectations within their relationship.<\/p>\n\n<\/div><\/div><\/div>\n<\/div>\n\n\n<div style=\"height:30px\" aria-hidden=\"true\" class=\"wp-block-spacer\"><\/div>\n\n\n\n<p style=\"font-size:25px\">How to know if marital therapy is working?<\/p>\n\n\n\n<p>Couples therapy is an opportunity to strengthen relationships, identify harmful behaviors\nand discover the reasons for those behaviors. If you're wondering if couples therapy is\nworking, the answer is definitely yes.<\/p>\n\n\n\n<div style=\"height:30px\" aria-hidden=\"true\" class=\"wp-block-spacer\"><\/div>\n\n\n<div class=\"gb-grid-wrapper gb-grid-wrapper-b324b554\">\n<div class=\"gb-grid-column gb-grid-column-f1336d19\"><div class=\"gb-container gb-container-f1336d19\"><div class=\"gb-inside-container\">\n\n<h4 class=\"gb-headline gb-headline-233be6b2 gb-headline-text\">Goals of Couples Therapy<\/h4>\n\n\n\n<ul class=\"wp-block-list\">\n<li>Take time for yourself, your partner and your relationship.<\/li>\n\n\n\n<li>Learn how to communicate better in an authentic, non-defensive way.<\/li>\n\n\n\n<li>Break away from destructive conflict and constant power struggles.<\/li>\n\n\n\n<li>Learn to meet your own needs and define boundaries in your relationships.<\/li>\n\n\n\n<li>Cultivate empathy and true intimacy in relationships.<\/li>\n\n\n\n<li>Learn to argue without destroying each other.<\/li>\n\n\n\n<li>Receive and give recognition and thus strengthen your union.<\/li>\n\n\n\n<li>Give you tools to deal with obstacles.<\/li>\n\n\n\n<li>Be guided towards a more satisfying communication.<\/li>\n\n\n\n<li>Taste the freedom and security that a healthy relationship can provide.<\/li>\n\n\n\n<li>To offer privileged moments of sincere communication.<\/li>\n\n\n\n<li>To rediscover the pleasure of being together!<\/li>\n<\/ul>\n\n<\/div><\/div><\/div>\n\n<div class=\"gb-grid-column gb-grid-column-e010700b\"><div class=\"gb-container gb-container-e010700b\"><div class=\"gb-inside-container\">\n\n<h4 class=\"gb-headline gb-headline-68198a10 gb-headline-text\">Who is couple therapy for?<\/h4>\n\n\n\n<ul class=\"wp-block-list\">\n<li>For new parents.<\/li>\n\n\n\n<li>For couples in difficulty.<\/li>\n\n\n\n<li>For adult sisters and brothers.<\/li>\n\n\n\n<li>Two friends who want to reconcile.<\/li>\n\n\n\n<li>For couples who want to deepen their bond.<\/li>\n\n\n\n<li>Those who want to give themselves tools at the beginning of a love relationship.<\/li>\n\n\n\n<li>For people who want to get out of conflict and improve communication.<\/li>\n\n\n\n<li>For parents who want to improve their relationship with their children, teenagers or\nadults.<\/li>\n\n\n\n<li>For those who wish to separate, while respecting each other.<\/li>\n<\/ul>\n\n<\/div><\/div><\/div>\n<\/div>\n\n\n<div style=\"height:30px\" aria-hidden=\"true\" class=\"wp-block-spacer\"><\/div>\n\n\n\n<div class=\"wp-block-buttons is-content-justification-center is-layout-flex wp-container-core-buttons-is-layout-16018d1d wp-block-buttons-is-layout-flex\">\n<div class=\"wp-block-button\"><a class=\"wp-block-button__link has-black-background-color has-background wp-element-button\" href=\"https:\/\/clairedumouchel.com\/en\/rendez-vous\/\" style=\"border-radius:6px\">Request an appointment<\/a><\/div>\n<\/div>\n\n\n\n<div style=\"height:90px\" aria-hidden=\"true\" class=\"wp-block-spacer\"><\/div>\n\n\n\n<h2 class=\"has-text-align-center wp-block-heading\" style=\"font-size:33px;font-style:normal;font-weight:500\">Vos commentaires<\/h2>\n\n\n\n<div style=\"height:19px\" aria-hidden=\"true\" class=\"wp-block-spacer\"><\/div>\n\n\n<div class=\"gb-container gb-container-38b76cb4\"><div class=\"gb-inside-container\">\n<div class=\"stars-testimonials premio-testimonials-grid\" id=\"st-2132572154\"><div class=\"premio-testimonials-content grid\"><div class=\"pre-testimonials-content col-1-2\"><div class=\"figure style4 st-testimonial-bg\">\r\n  <div class=\"blockquote st-testimonial-content\"><p>An excellent therapist! Very kind and genuine. It will help you see what you are truly capable of. Therapy has been an incredible gift to us.<\/p><\/div>\r\n            \t<div class=\"starrating st-rating\" title=\"Rated 5.0 out of 5.0\">\r\n    \t\t<i class=\"pst-star\"><\/i><i class=\"pst-star\"><\/i><i class=\"pst-star\"><\/i><i class=\"pst-star\"><\/i><i class=\"pst-star\"><\/i>    \t<\/div>\r\n  <div class=\"star-author\">    <h5 class=\"st-testimonial-title\">Diana R.<\/h5><span class=\"st-testimonial-company\">- <\/span>\r\n  <\/div>\r\n<\/div><\/div><div class=\"pre-testimonials-content col-1-2\"><div class=\"figure style4 st-testimonial-bg\">\r\n  <div class=\"blockquote st-testimonial-content\"><p>The experience was very good for us. We evolved in a beneficial way with the advice of our excellent therapist. She is very professional, caring, insightful, thoughtful and patient\u2026 we are very satisfied!!<\/p>\n<\/div>\r\n            \t<div class=\"starrating st-rating\" title=\"Rated 5.0 out of 5.0\">\r\n    \t\t<i class=\"pst-star\"><\/i><i class=\"pst-star\"><\/i><i class=\"pst-star\"><\/i><i class=\"pst-star\"><\/i><i class=\"pst-star\"><\/i>    \t<\/div>\r\n  <div class=\"star-author\">    <h5 class=\"st-testimonial-title\">Adam N.<\/h5><span class=\"st-testimonial-company\">- <\/span>\r\n  <\/div>\r\n<\/div><\/div><\/div><\/div><style>#st-2132572154 .st-rating { color:  #ffd851; }#st-2132572154 .st-testimonial-content { color:  #333333; }#st-2132572154 .st-testimonial-content p { color:  #333333; }#st-2132572154 .st-testimonial-bg { background-color: #fafafa; }#st-2132572154 .style7 { border-bottom-color: #fafafa; }#st-2132572154 .style7::before { background-color: #fafafa; }#st-2132572154 .st-style17 .st-testimonial-bg::before { border-color: transparent transparent transparent #fafafa; }#st-2132572154 .st-testimonial-title { color: #333333; }#st-2132572154 .st-testimonial-company { color: #333333; }<\/style>\n\n<\/div><\/div>\n<\/div><\/div><\/div>\n<\/div>\n<\/div><\/div>\n\n\n<div style=\"height:100px\" aria-hidden=\"true\" class=\"wp-block-spacer\"><\/div>","protected":false},"excerpt":{"rendered":"","protected":false},"author":1,"featured_media":0,"parent":0,"menu_order":0,"comment_status":"closed","ping_status":"closed","template":"","meta":{"footnotes":""},"class_list":["post-360","page","type-page","status-publish","hentry"],"yoast_head":"<!-- This site is optimized with the Yoast SEO plugin v27.2 - https:\/\/yoast.com\/product\/yoast-seo-wordpress\/ -->\n<title>Psychoth\u00e9rapie de couple &#8226; Claire Dumouchel - Psychoth\u00e9rapeute<\/title>\n<meta name=\"description\" content=\"La th\u00e9rapie de couple est une opportunit\u00e9 unique de renforcer vos liens. Prenez un moment pour vous-m\u00eame, votre partenaire et votre relation.\" \/>\n<meta name=\"robots\" content=\"index, follow, max-snippet:-1, max-image-preview:large, max-video-preview:-1\" \/>\n<link rel=\"canonical\" href=\"https:\/\/clairedumouchel.com\/en\/psychotherapie-couple\/\" \/>\n<meta property=\"og:locale\" content=\"en_US\" \/>\n<meta property=\"og:type\" content=\"article\" \/>\n<meta property=\"og:title\" content=\"Psychoth\u00e9rapie de couple &#8226; Claire Dumouchel - Psychoth\u00e9rapeute\" \/>\n<meta property=\"og:description\" content=\"La th\u00e9rapie de couple est une opportunit\u00e9 unique de renforcer vos liens. Prenez un moment pour vous-m\u00eame, votre partenaire et votre relation.\" \/>\n<meta property=\"og:url\" content=\"https:\/\/clairedumouchel.com\/en\/psychotherapie-couple\/\" \/>\n<meta property=\"og:site_name\" content=\"Claire Dumouchel - Psychoth\u00e9rapeute\" \/>\n<meta property=\"article:publisher\" content=\"https:\/\/www.facebook.com\/claire.dumouchel.psychotherapeute\" \/>\n<meta property=\"article:modified_time\" content=\"2022-11-04T00:16:07+00:00\" \/>\n<meta property=\"og:image\" content=\"https:\/\/clairedumouchel.com\/wp-content\/uploads\/2022\/10\/psychotherapeute-e1667093332261.png\" \/>\n\t<meta property=\"og:image:width\" content=\"1492\" \/>\n\t<meta property=\"og:image:height\" content=\"822\" \/>\n\t<meta property=\"og:image:type\" content=\"image\/png\" \/>\n<meta name=\"twitter:card\" content=\"summary_large_image\" \/>\n<meta name=\"twitter:label1\" content=\"Est. reading time\" \/>\n\t<meta name=\"twitter:data1\" content=\"2 minutes\" \/>\n<script type=\"application\/ld+json\" class=\"yoast-schema-graph\">{\"@context\":\"https:\/\/schema.org\",\"@graph\":[{\"@type\":\"WebPage\",\"@id\":\"https:\/\/clairedumouchel.com\/psychotherapie-couple\/\",\"url\":\"https:\/\/clairedumouchel.com\/psychotherapie-couple\/\",\"name\":\"Psychoth\u00e9rapie de couple &#8226; Claire Dumouchel - Psychoth\u00e9rapeute\",\"isPartOf\":{\"@id\":\"https:\/\/clairedumouchel.com\/#website\"},\"datePublished\":\"2022-10-16T19:23:16+00:00\",\"dateModified\":\"2022-11-04T00:16:07+00:00\",\"description\":\"La th\u00e9rapie de couple est une opportunit\u00e9 unique de renforcer vos liens. Prenez un moment pour vous-m\u00eame, votre partenaire et votre relation.\",\"breadcrumb\":{\"@id\":\"https:\/\/clairedumouchel.com\/psychotherapie-couple\/#breadcrumb\"},\"inLanguage\":\"en-US\",\"potentialAction\":[{\"@type\":\"ReadAction\",\"target\":[\"https:\/\/clairedumouchel.com\/psychotherapie-couple\/\"]}]},{\"@type\":\"BreadcrumbList\",\"@id\":\"https:\/\/clairedumouchel.com\/psychotherapie-couple\/#breadcrumb\",\"itemListElement\":[{\"@type\":\"ListItem\",\"position\":1,\"name\":\"Accueil\",\"item\":\"https:\/\/clairedumouchel.com\/\"},{\"@type\":\"ListItem\",\"position\":2,\"name\":\"Psychoth\u00e9rapie de couple\"}]},{\"@type\":\"WebSite\",\"@id\":\"https:\/\/clairedumouchel.com\/#website\",\"url\":\"https:\/\/clairedumouchel.com\/\",\"name\":\"Claire Dumouchel Psychoth\u00e9rapie\",\"description\":\"\",\"publisher\":{\"@id\":\"https:\/\/clairedumouchel.com\/#organization\"},\"alternateName\":\"Claire Dumouchel Psychotherapy\",\"potentialAction\":[{\"@type\":\"SearchAction\",\"target\":{\"@type\":\"EntryPoint\",\"urlTemplate\":\"https:\/\/clairedumouchel.com\/?s={search_term_string}\"},\"query-input\":{\"@type\":\"PropertyValueSpecification\",\"valueRequired\":true,\"valueName\":\"search_term_string\"}}],\"inLanguage\":\"en-US\"},{\"@type\":\"Organization\",\"@id\":\"https:\/\/clairedumouchel.com\/#organization\",\"name\":\"Claire Dumouchel Psychoth\u00e9rapie\",\"alternateName\":\"Claire Dumouchel Psychotherapy\",\"url\":\"https:\/\/clairedumouchel.com\/\",\"logo\":{\"@type\":\"ImageObject\",\"inLanguage\":\"en-US\",\"@id\":\"https:\/\/clairedumouchel.com\/#\/schema\/logo\/image\/\",\"url\":\"https:\/\/clairedumouchel.com\/wp-content\/uploads\/2022\/11\/logos-claire-fr.png\",\"contentUrl\":\"https:\/\/clairedumouchel.com\/wp-content\/uploads\/2022\/11\/logos-claire-fr.png\",\"width\":229,\"height\":57,\"caption\":\"Claire Dumouchel Psychoth\u00e9rapie\"},\"image\":{\"@id\":\"https:\/\/clairedumouchel.com\/#\/schema\/logo\/image\/\"},\"sameAs\":[\"https:\/\/www.facebook.com\/claire.dumouchel.psychotherapeute\"]}]}<\/script>\n<!-- \/ Yoast SEO plugin. -->","yoast_head_json":{"title":"Psychoth\u00e9rapie de couple &#8226; Claire Dumouchel - Psychoth\u00e9rapeute","description":"La th\u00e9rapie de couple est une opportunit\u00e9 unique de renforcer vos liens. Prenez un moment pour vous-m\u00eame, votre partenaire et votre relation.","robots":{"index":"index","follow":"follow","max-snippet":"max-snippet:-1","max-image-preview":"max-image-preview:large","max-video-preview":"max-video-preview:-1"},"canonical":"https:\/\/clairedumouchel.com\/en\/psychotherapie-couple\/","og_locale":"en_US","og_type":"article","og_title":"Psychoth\u00e9rapie de couple &#8226; Claire Dumouchel - Psychoth\u00e9rapeute","og_description":"La th\u00e9rapie de couple est une opportunit\u00e9 unique de renforcer vos liens. Prenez un moment pour vous-m\u00eame, votre partenaire et votre relation.","og_url":"https:\/\/clairedumouchel.com\/en\/psychotherapie-couple\/","og_site_name":"Claire Dumouchel - Psychoth\u00e9rapeute","article_publisher":"https:\/\/www.facebook.com\/claire.dumouchel.psychotherapeute","article_modified_time":"2022-11-04T00:16:07+00:00","og_image":[{"width":1492,"height":822,"url":"https:\/\/clairedumouchel.com\/wp-content\/uploads\/2022\/10\/psychotherapeute-e1667093332261.png","type":"image\/png"}],"twitter_card":"summary_large_image","twitter_misc":{"Est. reading time":"2 minutes"},"schema":{"@context":"https:\/\/schema.org","@graph":[{"@type":"WebPage","@id":"https:\/\/clairedumouchel.com\/psychotherapie-couple\/","url":"https:\/\/clairedumouchel.com\/psychotherapie-couple\/","name":"Psychoth\u00e9rapie de couple &#8226; Claire Dumouchel - Psychoth\u00e9rapeute","isPartOf":{"@id":"https:\/\/clairedumouchel.com\/#website"},"datePublished":"2022-10-16T19:23:16+00:00","dateModified":"2022-11-04T00:16:07+00:00","description":"La th\u00e9rapie de couple est une opportunit\u00e9 unique de renforcer vos liens. Prenez un moment pour vous-m\u00eame, votre partenaire et votre relation.","breadcrumb":{"@id":"https:\/\/clairedumouchel.com\/psychotherapie-couple\/#breadcrumb"},"inLanguage":"en-US","potentialAction":[{"@type":"ReadAction","target":["https:\/\/clairedumouchel.com\/psychotherapie-couple\/"]}]},{"@type":"BreadcrumbList","@id":"https:\/\/clairedumouchel.com\/psychotherapie-couple\/#breadcrumb","itemListElement":[{"@type":"ListItem","position":1,"name":"Accueil","item":"https:\/\/clairedumouchel.com\/"},{"@type":"ListItem","position":2,"name":"Psychoth\u00e9rapie de couple"}]},{"@type":"WebSite","@id":"https:\/\/clairedumouchel.com\/#website","url":"https:\/\/clairedumouchel.com\/","name":"Claire Dumouchel Psychoth\u00e9rapie","description":"","publisher":{"@id":"https:\/\/clairedumouchel.com\/#organization"},"alternateName":"Claire Dumouchel Psychotherapy","potentialAction":[{"@type":"SearchAction","target":{"@type":"EntryPoint","urlTemplate":"https:\/\/clairedumouchel.com\/?s={search_term_string}"},"query-input":{"@type":"PropertyValueSpecification","valueRequired":true,"valueName":"search_term_string"}}],"inLanguage":"en-US"},{"@type":"Organization","@id":"https:\/\/clairedumouchel.com\/#organization","name":"Claire Dumouchel Psychoth\u00e9rapie","alternateName":"Claire Dumouchel Psychotherapy","url":"https:\/\/clairedumouchel.com\/","logo":{"@type":"ImageObject","inLanguage":"en-US","@id":"https:\/\/clairedumouchel.com\/#\/schema\/logo\/image\/","url":"https:\/\/clairedumouchel.com\/wp-content\/uploads\/2022\/11\/logos-claire-fr.png","contentUrl":"https:\/\/clairedumouchel.com\/wp-content\/uploads\/2022\/11\/logos-claire-fr.png","width":229,"height":57,"caption":"Claire Dumouchel Psychoth\u00e9rapie"},"image":{"@id":"https:\/\/clairedumouchel.com\/#\/schema\/logo\/image\/"},"sameAs":["https:\/\/www.facebook.com\/claire.dumouchel.psychotherapeute"]}]}},"_links":{"self":[{"href":"https:\/\/clairedumouchel.com\/en\/wp-json\/wp\/v2\/pages\/360","targetHints":{"allow":["GET"]}}],"collection":[{"href":"https:\/\/clairedumouchel.com\/en\/wp-json\/wp\/v2\/pages"}],"about":[{"href":"https:\/\/clairedumouchel.com\/en\/wp-json\/wp\/v2\/types\/page"}],"author":[{"embeddable":true,"href":"https:\/\/clairedumouchel.com\/en\/wp-json\/wp\/v2\/users\/1"}],"replies":[{"embeddable":true,"href":"https:\/\/clairedumouchel.com\/en\/wp-json\/wp\/v2\/comments?post=360"}],"version-history":[{"count":16,"href":"https:\/\/clairedumouchel.com\/en\/wp-json\/wp\/v2\/pages\/360\/revisions"}],"predecessor-version":[{"id":793,"href":"https:\/\/clairedumouchel.com\/en\/wp-json\/wp\/v2\/pages\/360\/revisions\/793"}],"wp:attachment":[{"href":"https:\/\/clairedumouchel.com\/en\/wp-json\/wp\/v2\/media?parent=360"}],"curies":[{"name":"wp","href":"https:\/\/api.w.org\/{rel}","templated":true}]}}