{"id":358,"date":"2022-10-16T15:22:48","date_gmt":"2022-10-16T19:22:48","guid":{"rendered":"https:\/\/clairedumouchel.com\/?page_id=358"},"modified":"2022-11-03T20:10:41","modified_gmt":"2022-11-04T00:10:41","slug":"psychotherapie-individuelle","status":"publish","type":"page","link":"https:\/\/clairedumouchel.com\/en\/psychotherapie-individuelle\/","title":{"rendered":"Individual psychotherapy"},"content":{"rendered":"<div class=\"gb-container gb-container-84ed108c\"><div class=\"gb-inside-container\">\n<div class=\"gb-grid-wrapper gb-grid-wrapper-9c8858d5\">\n<div class=\"gb-grid-column gb-grid-column-088c0eae\"><div class=\"gb-container gb-container-088c0eae\"><div class=\"gb-inside-container\">\n\n<h2 class=\"gb-headline gb-headline-430ded12 gb-headline-text\">Specialized individual psychotherapy services. <\/h2>\n\n\n\n<h3 class=\"gb-headline gb-headline-e9b79e62 gb-headline-text\">Offered for people experiencing various difficulties such as :<\/h3>\n\n\n\n<div style=\"height:33px\" aria-hidden=\"true\" class=\"wp-block-spacer\"><\/div>\n\n\n<div class=\"gb-grid-wrapper gb-grid-wrapper-2eb70aa0\">\n<div class=\"gb-grid-column gb-grid-column-12ff977f\"><div class=\"gb-container gb-container-12ff977f\"><div class=\"gb-inside-container\"><\/div><\/div><\/div>\n\n<div class=\"gb-grid-column gb-grid-column-3e149b2f\"><div class=\"gb-container gb-container-3e149b2f\"><div class=\"gb-inside-container\">\n\n<ul class=\"wp-block-list\" id=\"block-2f6c8bf9-faa8-4404-8ae3-ce1ef02b2d80\">\n<li>Bereavement<\/li>\n\n\n\n<li>Fears<\/li>\n\n\n\n<li>Infertility<\/li>\n\n\n\n<li>Sexuality<\/li>\n\n\n\n<li>Perinatal grief<\/li>\n\n\n\n<li>A feeling of uneasiness<\/li>\n\n\n\n<li>Difficulties in adapting<\/li>\n\n\n\n<li>Relational difficulties<\/li>\n\n\n\n<li>Adaptation to the role of parent<\/li>\n\n\n\n<li>Lack of self-confidence<\/li>\n\n\n\n<li>Depressive and anxious symptoms<\/li>\n\n\n\n<li>Anxiety or depression during pregnancy or after the birth of a child<\/li>\n<\/ul>\n\n<\/div><\/div><\/div>\n<\/div>\n\n\n<div style=\"height:33px\" aria-hidden=\"true\" class=\"wp-block-spacer\"><\/div>\n\n\n\n<div class=\"wp-block-buttons is-content-justification-center is-layout-flex wp-container-core-buttons-is-layout-16018d1d wp-block-buttons-is-layout-flex\">\n<div class=\"wp-block-button\"><a class=\"wp-block-button__link has-black-background-color has-background wp-element-button\" href=\"https:\/\/clairedumouchel.com\/en\/rendez-vous\/\" style=\"border-radius:6px\">Request an appointment<\/a><\/div>\n<\/div>\n\n\n\n<div style=\"height:90px\" aria-hidden=\"true\" class=\"wp-block-spacer\"><\/div>\n\n\n\n<h2 class=\"has-text-align-center wp-block-heading\" style=\"font-size:33px;font-style:normal;font-weight:500\">Vos commentaires<\/h2>\n\n\n\n<div style=\"height:18px\" aria-hidden=\"true\" class=\"wp-block-spacer\"><\/div>\n\n<\/div><\/div><\/div>\n<\/div>\n<\/div><\/div>\n\n<div class=\"gb-container gb-container-b5be309d\"><div class=\"gb-inside-container\">\n<div class=\"gb-grid-wrapper gb-grid-wrapper-feb4fb1d\">\n<div class=\"gb-grid-column gb-grid-column-39e5faa8\"><div class=\"gb-container gb-container-39e5faa8\"><div class=\"gb-inside-container\">\n<div class=\"stars-testimonials premio-testimonials-grid\" id=\"st-1135388211\"><div class=\"premio-testimonials-content grid\"><div class=\"pre-testimonials-content col-1-2\"><div class=\"figure style4 st-testimonial-bg\">\r\n  <div class=\"blockquote st-testimonial-content\"><p>Caring and equipped with many resources, Claire is THE psychotherapist I needed! It allowed me to better understand my different schemas\u00a0<i>(patterns)<\/i>\u00a0et de mieux vivre avec ceux-ci. Je ne peux \u00eatre que reconnaissante d\u2019avoir rencontr\u00e9 Claire et du travail que nous avons fait ensemble!<\/p><\/div>\r\n            \t<div class=\"starrating st-rating\" title=\"Rated 5.0 out of 5.0\">\r\n    \t\t<i class=\"pst-star\"><\/i><i class=\"pst-star\"><\/i><i class=\"pst-star\"><\/i><i class=\"pst-star\"><\/i><i class=\"pst-star\"><\/i>    \t<\/div>\r\n  <div class=\"star-author\">    <h5 class=\"st-testimonial-title\">Camille D.<\/h5><span class=\"st-testimonial-company\">- <\/span>\r\n  <\/div>\r\n<\/div><\/div><div class=\"pre-testimonials-content col-1-2\"><div class=\"figure style4 st-testimonial-bg\">\r\n  <div class=\"blockquote st-testimonial-content\"><p>A very attentive and empathetic therapist. Her  compassion is undoubtedly one of his greatest qualities.<\/p>\n<\/div>\r\n            \t<div class=\"starrating st-rating\" title=\"Rated 5.0 out of 5.0\">\r\n    \t\t<i class=\"pst-star\"><\/i><i class=\"pst-star\"><\/i><i class=\"pst-star\"><\/i><i class=\"pst-star\"><\/i><i class=\"pst-star\"><\/i>    \t<\/div>\r\n  <div class=\"star-author\">    <h5 class=\"st-testimonial-title\">Julie D.<\/h5><span class=\"st-testimonial-company\">- <\/span>\r\n  <\/div>\r\n<\/div><\/div><div class=\"pre-testimonials-content col-1-2\"><div class=\"figure style4 st-testimonial-bg\">\r\n  <div class=\"blockquote st-testimonial-content\"><p>Claire is an amazing therapist. She is very intuitive, authentic and has a great perspective. I like how after each session she gave me tasks to do or things to reflect on after the session. She is very good at seeing right through me in the best way possible. She is real, encouraging, non-judgmental and doesn\u2019t lecture.<\/p>\n<\/div>\r\n            \t<div class=\"starrating st-rating\" title=\"Rated 5.0 out of 5.0\">\r\n    \t\t<i class=\"pst-star\"><\/i><i class=\"pst-star\"><\/i><i class=\"pst-star\"><\/i><i class=\"pst-star\"><\/i><i class=\"pst-star\"><\/i>    \t<\/div>\r\n  <div class=\"star-author\">    <h5 class=\"st-testimonial-title\">Julie M.<\/h5><span class=\"st-testimonial-company\">- <\/span>\r\n  <\/div>\r\n<\/div><\/div><\/div><\/div><style>#st-1135388211 .st-rating { color:  #ffd851; }#st-1135388211 .st-testimonial-content { color:  #333333; }#st-1135388211 .st-testimonial-content p { color:  #333333; }#st-1135388211 .st-testimonial-bg { background-color: #fafafa; }#st-1135388211 .style7 { border-bottom-color: #fafafa; }#st-1135388211 .style7::before { background-color: #fafafa; }#st-1135388211 .st-style17 .st-testimonial-bg::before { border-color: transparent transparent transparent #fafafa; }#st-1135388211 .st-testimonial-title { color: #333333; }#st-1135388211 .st-testimonial-company { color: #333333; }<\/style>\n\n<\/div><\/div><\/div>\n<\/div>\n<\/div><\/div>","protected":false},"excerpt":{"rendered":"","protected":false},"author":1,"featured_media":0,"parent":0,"menu_order":0,"comment_status":"closed","ping_status":"closed","template":"","meta":{"footnotes":""},"class_list":["post-358","page","type-page","status-publish","hentry"],"yoast_head":"<!-- This site is optimized with the Yoast SEO plugin v27.2 - https:\/\/yoast.com\/product\/yoast-seo-wordpress\/ -->\n<title>Psychoth\u00e9rapie individuelle &#8226; Claire Dumouchel - Psychoth\u00e9rapeute<\/title>\n<meta name=\"description\" content=\"Services sp\u00e9cialis\u00e9s de psychoth\u00e9rapie individuelle. Offerts en ligne, pour les personnes vivant diverses difficult\u00e9s.\" \/>\n<meta name=\"robots\" content=\"index, follow, max-snippet:-1, max-image-preview:large, max-video-preview:-1\" \/>\n<link rel=\"canonical\" href=\"https:\/\/clairedumouchel.com\/en\/psychotherapie-individuelle\/\" \/>\n<meta property=\"og:locale\" content=\"en_US\" \/>\n<meta property=\"og:type\" content=\"article\" \/>\n<meta property=\"og:title\" content=\"Psychoth\u00e9rapie individuelle &#8226; Claire Dumouchel - Psychoth\u00e9rapeute\" \/>\n<meta property=\"og:description\" content=\"Services sp\u00e9cialis\u00e9s de psychoth\u00e9rapie individuelle. Offerts en ligne, pour les personnes vivant diverses difficult\u00e9s.\" \/>\n<meta property=\"og:url\" content=\"https:\/\/clairedumouchel.com\/en\/psychotherapie-individuelle\/\" \/>\n<meta property=\"og:site_name\" content=\"Claire Dumouchel - Psychoth\u00e9rapeute\" \/>\n<meta property=\"article:publisher\" content=\"https:\/\/www.facebook.com\/claire.dumouchel.psychotherapeute\" \/>\n<meta property=\"article:modified_time\" content=\"2022-11-04T00:10:41+00:00\" \/>\n<meta property=\"og:image\" content=\"https:\/\/clairedumouchel.com\/wp-content\/uploads\/2022\/10\/psychotherapeute-e1667093332261.png\" \/>\n\t<meta property=\"og:image:width\" content=\"1492\" \/>\n\t<meta property=\"og:image:height\" content=\"822\" \/>\n\t<meta property=\"og:image:type\" content=\"image\/png\" \/>\n<meta name=\"twitter:card\" content=\"summary_large_image\" \/>\n<meta name=\"twitter:label1\" content=\"Est. reading time\" \/>\n\t<meta name=\"twitter:data1\" content=\"1 minute\" \/>\n<script type=\"application\/ld+json\" class=\"yoast-schema-graph\">{\"@context\":\"https:\/\/schema.org\",\"@graph\":[{\"@type\":\"WebPage\",\"@id\":\"https:\/\/clairedumouchel.com\/psychotherapie-individuelle\/\",\"url\":\"https:\/\/clairedumouchel.com\/psychotherapie-individuelle\/\",\"name\":\"Psychoth\u00e9rapie individuelle &#8226; Claire Dumouchel - Psychoth\u00e9rapeute\",\"isPartOf\":{\"@id\":\"https:\/\/clairedumouchel.com\/#website\"},\"datePublished\":\"2022-10-16T19:22:48+00:00\",\"dateModified\":\"2022-11-04T00:10:41+00:00\",\"description\":\"Services sp\u00e9cialis\u00e9s de psychoth\u00e9rapie individuelle. Offerts en ligne, pour les personnes vivant diverses difficult\u00e9s.\",\"breadcrumb\":{\"@id\":\"https:\/\/clairedumouchel.com\/psychotherapie-individuelle\/#breadcrumb\"},\"inLanguage\":\"en-US\",\"potentialAction\":[{\"@type\":\"ReadAction\",\"target\":[\"https:\/\/clairedumouchel.com\/psychotherapie-individuelle\/\"]}]},{\"@type\":\"BreadcrumbList\",\"@id\":\"https:\/\/clairedumouchel.com\/psychotherapie-individuelle\/#breadcrumb\",\"itemListElement\":[{\"@type\":\"ListItem\",\"position\":1,\"name\":\"Accueil\",\"item\":\"https:\/\/clairedumouchel.com\/\"},{\"@type\":\"ListItem\",\"position\":2,\"name\":\"Psychoth\u00e9rapie individuelle\"}]},{\"@type\":\"WebSite\",\"@id\":\"https:\/\/clairedumouchel.com\/#website\",\"url\":\"https:\/\/clairedumouchel.com\/\",\"name\":\"Claire Dumouchel Psychoth\u00e9rapie\",\"description\":\"\",\"publisher\":{\"@id\":\"https:\/\/clairedumouchel.com\/#organization\"},\"alternateName\":\"Claire Dumouchel Psychotherapy\",\"potentialAction\":[{\"@type\":\"SearchAction\",\"target\":{\"@type\":\"EntryPoint\",\"urlTemplate\":\"https:\/\/clairedumouchel.com\/?s={search_term_string}\"},\"query-input\":{\"@type\":\"PropertyValueSpecification\",\"valueRequired\":true,\"valueName\":\"search_term_string\"}}],\"inLanguage\":\"en-US\"},{\"@type\":\"Organization\",\"@id\":\"https:\/\/clairedumouchel.com\/#organization\",\"name\":\"Claire Dumouchel Psychoth\u00e9rapie\",\"alternateName\":\"Claire Dumouchel Psychotherapy\",\"url\":\"https:\/\/clairedumouchel.com\/\",\"logo\":{\"@type\":\"ImageObject\",\"inLanguage\":\"en-US\",\"@id\":\"https:\/\/clairedumouchel.com\/#\/schema\/logo\/image\/\",\"url\":\"https:\/\/clairedumouchel.com\/wp-content\/uploads\/2022\/11\/logos-claire-fr.png\",\"contentUrl\":\"https:\/\/clairedumouchel.com\/wp-content\/uploads\/2022\/11\/logos-claire-fr.png\",\"width\":229,\"height\":57,\"caption\":\"Claire Dumouchel Psychoth\u00e9rapie\"},\"image\":{\"@id\":\"https:\/\/clairedumouchel.com\/#\/schema\/logo\/image\/\"},\"sameAs\":[\"https:\/\/www.facebook.com\/claire.dumouchel.psychotherapeute\"]}]}<\/script>\n<!-- \/ Yoast SEO plugin. -->","yoast_head_json":{"title":"Psychoth\u00e9rapie individuelle &#8226; Claire Dumouchel - Psychoth\u00e9rapeute","description":"Services sp\u00e9cialis\u00e9s de psychoth\u00e9rapie individuelle. Offerts en ligne, pour les personnes vivant diverses difficult\u00e9s.","robots":{"index":"index","follow":"follow","max-snippet":"max-snippet:-1","max-image-preview":"max-image-preview:large","max-video-preview":"max-video-preview:-1"},"canonical":"https:\/\/clairedumouchel.com\/en\/psychotherapie-individuelle\/","og_locale":"en_US","og_type":"article","og_title":"Psychoth\u00e9rapie individuelle &#8226; Claire Dumouchel - Psychoth\u00e9rapeute","og_description":"Services sp\u00e9cialis\u00e9s de psychoth\u00e9rapie individuelle. Offerts en ligne, pour les personnes vivant diverses difficult\u00e9s.","og_url":"https:\/\/clairedumouchel.com\/en\/psychotherapie-individuelle\/","og_site_name":"Claire Dumouchel - Psychoth\u00e9rapeute","article_publisher":"https:\/\/www.facebook.com\/claire.dumouchel.psychotherapeute","article_modified_time":"2022-11-04T00:10:41+00:00","og_image":[{"width":1492,"height":822,"url":"https:\/\/clairedumouchel.com\/wp-content\/uploads\/2022\/10\/psychotherapeute-e1667093332261.png","type":"image\/png"}],"twitter_card":"summary_large_image","twitter_misc":{"Est. reading time":"1 minute"},"schema":{"@context":"https:\/\/schema.org","@graph":[{"@type":"WebPage","@id":"https:\/\/clairedumouchel.com\/psychotherapie-individuelle\/","url":"https:\/\/clairedumouchel.com\/psychotherapie-individuelle\/","name":"Psychoth\u00e9rapie individuelle &#8226; Claire Dumouchel - Psychoth\u00e9rapeute","isPartOf":{"@id":"https:\/\/clairedumouchel.com\/#website"},"datePublished":"2022-10-16T19:22:48+00:00","dateModified":"2022-11-04T00:10:41+00:00","description":"Services sp\u00e9cialis\u00e9s de psychoth\u00e9rapie individuelle. Offerts en ligne, pour les personnes vivant diverses difficult\u00e9s.","breadcrumb":{"@id":"https:\/\/clairedumouchel.com\/psychotherapie-individuelle\/#breadcrumb"},"inLanguage":"en-US","potentialAction":[{"@type":"ReadAction","target":["https:\/\/clairedumouchel.com\/psychotherapie-individuelle\/"]}]},{"@type":"BreadcrumbList","@id":"https:\/\/clairedumouchel.com\/psychotherapie-individuelle\/#breadcrumb","itemListElement":[{"@type":"ListItem","position":1,"name":"Accueil","item":"https:\/\/clairedumouchel.com\/"},{"@type":"ListItem","position":2,"name":"Psychoth\u00e9rapie individuelle"}]},{"@type":"WebSite","@id":"https:\/\/clairedumouchel.com\/#website","url":"https:\/\/clairedumouchel.com\/","name":"Claire Dumouchel Psychoth\u00e9rapie","description":"","publisher":{"@id":"https:\/\/clairedumouchel.com\/#organization"},"alternateName":"Claire Dumouchel Psychotherapy","potentialAction":[{"@type":"SearchAction","target":{"@type":"EntryPoint","urlTemplate":"https:\/\/clairedumouchel.com\/?s={search_term_string}"},"query-input":{"@type":"PropertyValueSpecification","valueRequired":true,"valueName":"search_term_string"}}],"inLanguage":"en-US"},{"@type":"Organization","@id":"https:\/\/clairedumouchel.com\/#organization","name":"Claire Dumouchel Psychoth\u00e9rapie","alternateName":"Claire Dumouchel Psychotherapy","url":"https:\/\/clairedumouchel.com\/","logo":{"@type":"ImageObject","inLanguage":"en-US","@id":"https:\/\/clairedumouchel.com\/#\/schema\/logo\/image\/","url":"https:\/\/clairedumouchel.com\/wp-content\/uploads\/2022\/11\/logos-claire-fr.png","contentUrl":"https:\/\/clairedumouchel.com\/wp-content\/uploads\/2022\/11\/logos-claire-fr.png","width":229,"height":57,"caption":"Claire Dumouchel Psychoth\u00e9rapie"},"image":{"@id":"https:\/\/clairedumouchel.com\/#\/schema\/logo\/image\/"},"sameAs":["https:\/\/www.facebook.com\/claire.dumouchel.psychotherapeute"]}]}},"_links":{"self":[{"href":"https:\/\/clairedumouchel.com\/en\/wp-json\/wp\/v2\/pages\/358","targetHints":{"allow":["GET"]}}],"collection":[{"href":"https:\/\/clairedumouchel.com\/en\/wp-json\/wp\/v2\/pages"}],"about":[{"href":"https:\/\/clairedumouchel.com\/en\/wp-json\/wp\/v2\/types\/page"}],"author":[{"embeddable":true,"href":"https:\/\/clairedumouchel.com\/en\/wp-json\/wp\/v2\/users\/1"}],"replies":[{"embeddable":true,"href":"https:\/\/clairedumouchel.com\/en\/wp-json\/wp\/v2\/comments?post=358"}],"version-history":[{"count":26,"href":"https:\/\/clairedumouchel.com\/en\/wp-json\/wp\/v2\/pages\/358\/revisions"}],"predecessor-version":[{"id":791,"href":"https:\/\/clairedumouchel.com\/en\/wp-json\/wp\/v2\/pages\/358\/revisions\/791"}],"wp:attachment":[{"href":"https:\/\/clairedumouchel.com\/en\/wp-json\/wp\/v2\/media?parent=358"}],"curies":[{"name":"wp","href":"https:\/\/api.w.org\/{rel}","templated":true}]}}