{"id":25,"date":"2022-10-09T19:19:02","date_gmt":"2022-10-09T23:19:02","guid":{"rendered":"https:\/\/clairedumouchel.com\/?page_id=25"},"modified":"2022-11-02T04:23:33","modified_gmt":"2022-11-02T08:23:33","slug":"psychotherapie-en-ligne","status":"publish","type":"page","link":"https:\/\/clairedumouchel.com\/en\/psychotherapie-en-ligne\/","title":{"rendered":"Online psychotherapy"},"content":{"rendered":"<div class=\"gb-container gb-container-7739c172\"><div class=\"gb-inside-container\">\n<div class=\"gb-grid-wrapper gb-grid-wrapper-c2632ea5\">\n<div class=\"gb-grid-column gb-grid-column-c1e5dff0\"><div class=\"gb-container gb-container-c1e5dff0\"><div class=\"gb-inside-container\">\n\n<p style=\"font-size:25px\">Online therapy is as effective as in-person therapy.<\/p>\n\n\n\n<p>Remote consultation with a psychotherapist (teletherapy) is regulated by the Ordre des\npsychologues du Qu\u00e9bec (OPQ). Online (distance) therapy is a recognized practice,\nhaving been scientifically demonstrated on several occasions, this mode of consultation\nis as valid as face-to-face therapy.<\/p>\n\n\n\n<p>Even at a distance, the therapist must fulfill his professional obligations at all times.\nWhether it is in terms of confidentiality or the solutions provided, the therapist must use\nthe intervention techniques at his disposal and adapt them to the needs of the client.<\/p>\n\n\n\n<p>If face-to-face appointments are a challenge in your busy schedule, I offer online\npsychotherapy services. You will be able to benefit from the help of a psychotherapist to\nwork in individual, couple or family sessions.<\/p>\n\n\n\n<div style=\"height:33px\" aria-hidden=\"true\" class=\"wp-block-spacer\"><\/div>\n\n\n<div class=\"gb-grid-wrapper gb-grid-wrapper-919607e8\">\n<div class=\"gb-grid-column gb-grid-column-50712798\"><div class=\"gb-container gb-container-50712798\"><div class=\"gb-inside-container\">\n\n<h2 class=\"wp-block-heading\" style=\"font-size:25px\">Online psychotherapy.<\/h2>\n\n\n\n<p>Today, thanks to technology, you can make an appointment with a psychotherapist\nregardless of your location. Patients who have used this type of session say that online\npsychotherapy really does feel like they are in the same room.<\/p>\n\n\n\n<p>It is also a great solution if you have limited mobility or to avoid the hassle of\ntransportation and parking.<\/p>\n\n\n\n<div style=\"height:20px\" aria-hidden=\"true\" class=\"wp-block-spacer\"><\/div>\n\n\n<div class=\"gb-container gb-container-1609c149\"><div class=\"gb-inside-container\">\n<div class=\"gb-grid-wrapper gb-grid-wrapper-bf4a78fa\">\n<div class=\"gb-grid-column gb-grid-column-dd37ce2b\"><div class=\"gb-container gb-container-dd37ce2b hide-on-mobile\"><div class=\"gb-inside-container\">\n\n<figure class=\"wp-block-image size-large is-resized\"><img loading=\"lazy\" decoding=\"async\" src=\"https:\/\/clairedumouchel.com\/wp-content\/uploads\/2022\/10\/messenger-modified-1015x1024.png\" alt=\"\" class=\"wp-image-48\" width=\"40\" height=\"40\" srcset=\"https:\/\/clairedumouchel.com\/wp-content\/uploads\/2022\/10\/messenger-modified-1015x1024.png 1015w, https:\/\/clairedumouchel.com\/wp-content\/uploads\/2022\/10\/messenger-modified-297x300.png 297w, https:\/\/clairedumouchel.com\/wp-content\/uploads\/2022\/10\/messenger-modified-150x150.png 150w, https:\/\/clairedumouchel.com\/wp-content\/uploads\/2022\/10\/messenger-modified-768x775.png 768w, https:\/\/clairedumouchel.com\/wp-content\/uploads\/2022\/10\/messenger-modified-1522x1536.png 1522w, https:\/\/clairedumouchel.com\/wp-content\/uploads\/2022\/10\/messenger-modified.png 2000w\" sizes=\"auto, (max-width: 40px) 100vw, 40px\" \/><\/figure>\n\n<\/div><\/div><\/div>\n\n<div class=\"gb-grid-column gb-grid-column-cde45284\"><div class=\"gb-container gb-container-cde45284 hide-on-mobile\"><div class=\"gb-inside-container\">\n\n<figure class=\"wp-block-image size-large is-resized\"><img loading=\"lazy\" decoding=\"async\" src=\"https:\/\/clairedumouchel.com\/wp-content\/uploads\/2022\/10\/skype-modified-1024x1019.png\" alt=\"\" class=\"wp-image-47\" width=\"40\" height=\"40\" srcset=\"https:\/\/clairedumouchel.com\/wp-content\/uploads\/2022\/10\/skype-modified-1024x1019.png 1024w, https:\/\/clairedumouchel.com\/wp-content\/uploads\/2022\/10\/skype-modified-300x300.png 300w, https:\/\/clairedumouchel.com\/wp-content\/uploads\/2022\/10\/skype-modified-150x150.png 150w, https:\/\/clairedumouchel.com\/wp-content\/uploads\/2022\/10\/skype-modified-768x764.png 768w, https:\/\/clairedumouchel.com\/wp-content\/uploads\/2022\/10\/skype-modified-1536x1529.png 1536w, https:\/\/clairedumouchel.com\/wp-content\/uploads\/2022\/10\/skype-modified.png 1743w\" sizes=\"auto, (max-width: 40px) 100vw, 40px\" \/><\/figure>\n\n<\/div><\/div><\/div>\n\n<div class=\"gb-grid-column gb-grid-column-b9fc9042\"><div class=\"gb-container gb-container-b9fc9042 hide-on-mobile\"><div class=\"gb-inside-container\">\n\n<figure class=\"wp-block-image size-full is-resized is-style-default\"><img loading=\"lazy\" decoding=\"async\" src=\"https:\/\/clairedumouchel.com\/wp-content\/uploads\/2022\/10\/zoom-modified.png\" alt=\"\" class=\"wp-image-49\" width=\"40\" height=\"40\" srcset=\"https:\/\/clairedumouchel.com\/wp-content\/uploads\/2022\/10\/zoom-modified.png 300w, https:\/\/clairedumouchel.com\/wp-content\/uploads\/2022\/10\/zoom-modified-150x150.png 150w\" sizes=\"auto, (max-width: 40px) 100vw, 40px\" \/><\/figure>\n\n<\/div><\/div><\/div>\n\n<div class=\"gb-grid-column gb-grid-column-4acd0578\"><div class=\"gb-container gb-container-4acd0578\"><div class=\"gb-inside-container\">\n\n<div class=\"wp-block-buttons is-content-justification-center is-layout-flex wp-container-core-buttons-is-layout-16018d1d wp-block-buttons-is-layout-flex\">\n<div class=\"wp-block-button\"><a class=\"wp-block-button__link has-black-background-color has-background wp-element-button\" href=\"https:\/\/clairedumouchel.com\/en\/rendez-vous\/\" style=\"border-radius:6px\">Make an appointment<\/a><\/div>\n<\/div>\n\n<\/div><\/div><\/div>\n<\/div>\n<\/div><\/div>\n<\/div><\/div><\/div>\n\n<div class=\"gb-grid-column gb-grid-column-b2ffcc5a\"><div class=\"gb-container gb-container-b2ffcc5a\"><div class=\"gb-inside-container\"><\/div><\/div><\/div>\n<\/div>\n\n\n<div style=\"height:100px\" aria-hidden=\"true\" class=\"wp-block-spacer\"><\/div>\n\n<\/div><\/div><\/div>\n<\/div>\n<\/div><\/div>","protected":false},"excerpt":{"rendered":"","protected":false},"author":1,"featured_media":0,"parent":0,"menu_order":0,"comment_status":"closed","ping_status":"closed","template":"","meta":{"footnotes":""},"class_list":["post-25","page","type-page","status-publish"],"yoast_head":"<!-- This site is optimized with the Yoast SEO plugin v27.2 - https:\/\/yoast.com\/product\/yoast-seo-wordpress\/ -->\n<title>Psychoth\u00e9rapie en ligne &#8226; Claire Dumouchel - Psychoth\u00e9rapeute<\/title>\n<meta name=\"description\" content=\"Si les rendez-vous en personne repr\u00e9sentent un d\u00e9fi dans votre horaire charg\u00e9, j\u2019offre les services de psychoth\u00e9rapie en ligne.\" \/>\n<meta name=\"robots\" content=\"index, follow, max-snippet:-1, max-image-preview:large, max-video-preview:-1\" \/>\n<link rel=\"canonical\" href=\"https:\/\/clairedumouchel.com\/en\/psychotherapie-en-ligne\/\" \/>\n<meta property=\"og:locale\" content=\"en_US\" \/>\n<meta property=\"og:type\" content=\"article\" \/>\n<meta property=\"og:title\" content=\"Psychoth\u00e9rapie en ligne &#8226; Claire Dumouchel - Psychoth\u00e9rapeute\" \/>\n<meta property=\"og:description\" content=\"Si les rendez-vous en personne repr\u00e9sentent un d\u00e9fi dans votre horaire charg\u00e9, j\u2019offre les services de psychoth\u00e9rapie en ligne.\" \/>\n<meta property=\"og:url\" content=\"https:\/\/clairedumouchel.com\/en\/psychotherapie-en-ligne\/\" \/>\n<meta property=\"og:site_name\" content=\"Claire Dumouchel - Psychoth\u00e9rapeute\" \/>\n<meta property=\"article:publisher\" content=\"https:\/\/www.facebook.com\/claire.dumouchel.psychotherapeute\" \/>\n<meta property=\"article:modified_time\" content=\"2022-11-02T08:23:33+00:00\" \/>\n<meta property=\"og:image\" content=\"https:\/\/clairedumouchel.com\/wp-content\/uploads\/2022\/10\/psychotherapie-en-ligne.jpg\" \/>\n\t<meta property=\"og:image:width\" content=\"1200\" \/>\n\t<meta property=\"og:image:height\" content=\"800\" \/>\n\t<meta property=\"og:image:type\" content=\"image\/jpeg\" \/>\n<meta name=\"twitter:card\" content=\"summary_large_image\" \/>\n<meta name=\"twitter:label1\" content=\"Est. reading time\" \/>\n\t<meta name=\"twitter:data1\" content=\"2 minutes\" \/>\n<script type=\"application\/ld+json\" class=\"yoast-schema-graph\">{\"@context\":\"https:\/\/schema.org\",\"@graph\":[{\"@type\":\"WebPage\",\"@id\":\"https:\/\/clairedumouchel.com\/psychotherapie-en-ligne\/\",\"url\":\"https:\/\/clairedumouchel.com\/psychotherapie-en-ligne\/\",\"name\":\"Psychoth\u00e9rapie en ligne &#8226; Claire Dumouchel - Psychoth\u00e9rapeute\",\"isPartOf\":{\"@id\":\"https:\/\/clairedumouchel.com\/#website\"},\"primaryImageOfPage\":{\"@id\":\"https:\/\/clairedumouchel.com\/psychotherapie-en-ligne\/#primaryimage\"},\"image\":{\"@id\":\"https:\/\/clairedumouchel.com\/psychotherapie-en-ligne\/#primaryimage\"},\"thumbnailUrl\":\"https:\/\/clairedumouchel.com\/wp-content\/uploads\/2022\/10\/messenger-modified-1015x1024.png\",\"datePublished\":\"2022-10-09T23:19:02+00:00\",\"dateModified\":\"2022-11-02T08:23:33+00:00\",\"description\":\"Si les rendez-vous en personne repr\u00e9sentent un d\u00e9fi dans votre horaire charg\u00e9, j\u2019offre les services de psychoth\u00e9rapie en ligne.\",\"breadcrumb\":{\"@id\":\"https:\/\/clairedumouchel.com\/psychotherapie-en-ligne\/#breadcrumb\"},\"inLanguage\":\"en-US\",\"potentialAction\":[{\"@type\":\"ReadAction\",\"target\":[\"https:\/\/clairedumouchel.com\/psychotherapie-en-ligne\/\"]}]},{\"@type\":\"ImageObject\",\"inLanguage\":\"en-US\",\"@id\":\"https:\/\/clairedumouchel.com\/psychotherapie-en-ligne\/#primaryimage\",\"url\":\"https:\/\/clairedumouchel.com\/wp-content\/uploads\/2022\/10\/messenger-modified-1015x1024.png\",\"contentUrl\":\"https:\/\/clairedumouchel.com\/wp-content\/uploads\/2022\/10\/messenger-modified-1015x1024.png\"},{\"@type\":\"BreadcrumbList\",\"@id\":\"https:\/\/clairedumouchel.com\/psychotherapie-en-ligne\/#breadcrumb\",\"itemListElement\":[{\"@type\":\"ListItem\",\"position\":1,\"name\":\"Accueil\",\"item\":\"https:\/\/clairedumouchel.com\/\"},{\"@type\":\"ListItem\",\"position\":2,\"name\":\"Psychoth\u00e9rapie en ligne\"}]},{\"@type\":\"WebSite\",\"@id\":\"https:\/\/clairedumouchel.com\/#website\",\"url\":\"https:\/\/clairedumouchel.com\/\",\"name\":\"Claire Dumouchel Psychoth\u00e9rapie\",\"description\":\"\",\"publisher\":{\"@id\":\"https:\/\/clairedumouchel.com\/#organization\"},\"alternateName\":\"Claire Dumouchel Psychotherapy\",\"potentialAction\":[{\"@type\":\"SearchAction\",\"target\":{\"@type\":\"EntryPoint\",\"urlTemplate\":\"https:\/\/clairedumouchel.com\/?s={search_term_string}\"},\"query-input\":{\"@type\":\"PropertyValueSpecification\",\"valueRequired\":true,\"valueName\":\"search_term_string\"}}],\"inLanguage\":\"en-US\"},{\"@type\":\"Organization\",\"@id\":\"https:\/\/clairedumouchel.com\/#organization\",\"name\":\"Claire Dumouchel Psychoth\u00e9rapie\",\"alternateName\":\"Claire Dumouchel Psychotherapy\",\"url\":\"https:\/\/clairedumouchel.com\/\",\"logo\":{\"@type\":\"ImageObject\",\"inLanguage\":\"en-US\",\"@id\":\"https:\/\/clairedumouchel.com\/#\/schema\/logo\/image\/\",\"url\":\"https:\/\/clairedumouchel.com\/wp-content\/uploads\/2022\/11\/logos-claire-fr.png\",\"contentUrl\":\"https:\/\/clairedumouchel.com\/wp-content\/uploads\/2022\/11\/logos-claire-fr.png\",\"width\":229,\"height\":57,\"caption\":\"Claire Dumouchel Psychoth\u00e9rapie\"},\"image\":{\"@id\":\"https:\/\/clairedumouchel.com\/#\/schema\/logo\/image\/\"},\"sameAs\":[\"https:\/\/www.facebook.com\/claire.dumouchel.psychotherapeute\"]}]}<\/script>\n<!-- \/ Yoast SEO plugin. -->","yoast_head_json":{"title":"Psychoth\u00e9rapie en ligne &#8226; Claire Dumouchel - Psychoth\u00e9rapeute","description":"Si les rendez-vous en personne repr\u00e9sentent un d\u00e9fi dans votre horaire charg\u00e9, j\u2019offre les services de psychoth\u00e9rapie en ligne.","robots":{"index":"index","follow":"follow","max-snippet":"max-snippet:-1","max-image-preview":"max-image-preview:large","max-video-preview":"max-video-preview:-1"},"canonical":"https:\/\/clairedumouchel.com\/en\/psychotherapie-en-ligne\/","og_locale":"en_US","og_type":"article","og_title":"Psychoth\u00e9rapie en ligne &#8226; Claire Dumouchel - Psychoth\u00e9rapeute","og_description":"Si les rendez-vous en personne repr\u00e9sentent un d\u00e9fi dans votre horaire charg\u00e9, j\u2019offre les services de psychoth\u00e9rapie en ligne.","og_url":"https:\/\/clairedumouchel.com\/en\/psychotherapie-en-ligne\/","og_site_name":"Claire Dumouchel - Psychoth\u00e9rapeute","article_publisher":"https:\/\/www.facebook.com\/claire.dumouchel.psychotherapeute","article_modified_time":"2022-11-02T08:23:33+00:00","og_image":[{"width":1200,"height":800,"url":"https:\/\/clairedumouchel.com\/wp-content\/uploads\/2022\/10\/psychotherapie-en-ligne.jpg","type":"image\/jpeg"}],"twitter_card":"summary_large_image","twitter_misc":{"Est. reading time":"2 minutes"},"schema":{"@context":"https:\/\/schema.org","@graph":[{"@type":"WebPage","@id":"https:\/\/clairedumouchel.com\/psychotherapie-en-ligne\/","url":"https:\/\/clairedumouchel.com\/psychotherapie-en-ligne\/","name":"Psychoth\u00e9rapie en ligne &#8226; Claire Dumouchel - Psychoth\u00e9rapeute","isPartOf":{"@id":"https:\/\/clairedumouchel.com\/#website"},"primaryImageOfPage":{"@id":"https:\/\/clairedumouchel.com\/psychotherapie-en-ligne\/#primaryimage"},"image":{"@id":"https:\/\/clairedumouchel.com\/psychotherapie-en-ligne\/#primaryimage"},"thumbnailUrl":"https:\/\/clairedumouchel.com\/wp-content\/uploads\/2022\/10\/messenger-modified-1015x1024.png","datePublished":"2022-10-09T23:19:02+00:00","dateModified":"2022-11-02T08:23:33+00:00","description":"Si les rendez-vous en personne repr\u00e9sentent un d\u00e9fi dans votre horaire charg\u00e9, j\u2019offre les services de psychoth\u00e9rapie en ligne.","breadcrumb":{"@id":"https:\/\/clairedumouchel.com\/psychotherapie-en-ligne\/#breadcrumb"},"inLanguage":"en-US","potentialAction":[{"@type":"ReadAction","target":["https:\/\/clairedumouchel.com\/psychotherapie-en-ligne\/"]}]},{"@type":"ImageObject","inLanguage":"en-US","@id":"https:\/\/clairedumouchel.com\/psychotherapie-en-ligne\/#primaryimage","url":"https:\/\/clairedumouchel.com\/wp-content\/uploads\/2022\/10\/messenger-modified-1015x1024.png","contentUrl":"https:\/\/clairedumouchel.com\/wp-content\/uploads\/2022\/10\/messenger-modified-1015x1024.png"},{"@type":"BreadcrumbList","@id":"https:\/\/clairedumouchel.com\/psychotherapie-en-ligne\/#breadcrumb","itemListElement":[{"@type":"ListItem","position":1,"name":"Accueil","item":"https:\/\/clairedumouchel.com\/"},{"@type":"ListItem","position":2,"name":"Psychoth\u00e9rapie en ligne"}]},{"@type":"WebSite","@id":"https:\/\/clairedumouchel.com\/#website","url":"https:\/\/clairedumouchel.com\/","name":"Claire Dumouchel Psychoth\u00e9rapie","description":"","publisher":{"@id":"https:\/\/clairedumouchel.com\/#organization"},"alternateName":"Claire Dumouchel Psychotherapy","potentialAction":[{"@type":"SearchAction","target":{"@type":"EntryPoint","urlTemplate":"https:\/\/clairedumouchel.com\/?s={search_term_string}"},"query-input":{"@type":"PropertyValueSpecification","valueRequired":true,"valueName":"search_term_string"}}],"inLanguage":"en-US"},{"@type":"Organization","@id":"https:\/\/clairedumouchel.com\/#organization","name":"Claire Dumouchel Psychoth\u00e9rapie","alternateName":"Claire Dumouchel Psychotherapy","url":"https:\/\/clairedumouchel.com\/","logo":{"@type":"ImageObject","inLanguage":"en-US","@id":"https:\/\/clairedumouchel.com\/#\/schema\/logo\/image\/","url":"https:\/\/clairedumouchel.com\/wp-content\/uploads\/2022\/11\/logos-claire-fr.png","contentUrl":"https:\/\/clairedumouchel.com\/wp-content\/uploads\/2022\/11\/logos-claire-fr.png","width":229,"height":57,"caption":"Claire Dumouchel Psychoth\u00e9rapie"},"image":{"@id":"https:\/\/clairedumouchel.com\/#\/schema\/logo\/image\/"},"sameAs":["https:\/\/www.facebook.com\/claire.dumouchel.psychotherapeute"]}]}},"_links":{"self":[{"href":"https:\/\/clairedumouchel.com\/en\/wp-json\/wp\/v2\/pages\/25","targetHints":{"allow":["GET"]}}],"collection":[{"href":"https:\/\/clairedumouchel.com\/en\/wp-json\/wp\/v2\/pages"}],"about":[{"href":"https:\/\/clairedumouchel.com\/en\/wp-json\/wp\/v2\/types\/page"}],"author":[{"embeddable":true,"href":"https:\/\/clairedumouchel.com\/en\/wp-json\/wp\/v2\/users\/1"}],"replies":[{"embeddable":true,"href":"https:\/\/clairedumouchel.com\/en\/wp-json\/wp\/v2\/comments?post=25"}],"version-history":[{"count":18,"href":"https:\/\/clairedumouchel.com\/en\/wp-json\/wp\/v2\/pages\/25\/revisions"}],"predecessor-version":[{"id":747,"href":"https:\/\/clairedumouchel.com\/en\/wp-json\/wp\/v2\/pages\/25\/revisions\/747"}],"wp:attachment":[{"href":"https:\/\/clairedumouchel.com\/en\/wp-json\/wp\/v2\/media?parent=25"}],"curies":[{"name":"wp","href":"https:\/\/api.w.org\/{rel}","templated":true}]}}