{"id":17,"date":"2022-10-09T19:09:57","date_gmt":"2022-10-09T23:09:57","guid":{"rendered":"https:\/\/clairedumouchel.com\/?page_id=17"},"modified":"2022-11-02T04:02:04","modified_gmt":"2022-11-02T08:02:04","slug":"psychotherapie","status":"publish","type":"page","link":"https:\/\/clairedumouchel.com\/en\/psychotherapie\/","title":{"rendered":"My approach"},"content":{"rendered":"<div class=\"gb-container gb-container-4381db1f\"><div class=\"gb-inside-container\">\n<div class=\"gb-grid-wrapper gb-grid-wrapper-e502497e\">\n<div class=\"gb-grid-column gb-grid-column-8b236d95\"><div class=\"gb-container gb-container-8b236d95\"><div class=\"gb-inside-container\">\n<div class=\"gb-grid-wrapper gb-grid-wrapper-a2bd49c0\">\n<div class=\"gb-grid-column gb-grid-column-123405b4\"><div class=\"gb-container gb-container-123405b4\"><div class=\"gb-inside-container\"><\/div><\/div><\/div>\n\n<div class=\"gb-grid-column gb-grid-column-c282dd20\"><div class=\"gb-container gb-container-c282dd20\"><div class=\"gb-inside-container\">\n\n<h4 class=\"has-medium-font-size wp-block-heading\">As a relationship specialist with a passion for personal development, my goal is to help\nyou transform the way you look at yourself and help you find your inner well-being.<\/h4>\n\n\n\n<p>In terms of clinical practice, I offer individual, couple and family psychotherapy. I define\nmy practice as integrative and adapted to the situation of each person I meet.<\/p>\n\n\n\n<p>It is with openness and kindness that I will accompany you through your reality and your\ndifficulties in a respectful and non-judgmental space. <\/p>\n\n\n\n<p>My love for the human being and my relational and humanistic approach allow me to accompany you with gentleness, sensitivity and compassion.<\/p>\n\n\n\n<div style=\"height:15px\" aria-hidden=\"true\" class=\"wp-block-spacer\"><\/div>\n\n\n<div class=\"gb-container gb-container-b3f9c1e1\"><div class=\"gb-inside-container\">\n<div class=\"gb-grid-wrapper gb-grid-wrapper-e606e0aa\">\n<div class=\"gb-grid-column gb-grid-column-c563447b\"><div class=\"gb-container gb-container-c563447b\"><div class=\"gb-inside-container\">\n\n<div class=\"wp-block-buttons is-layout-flex wp-block-buttons-is-layout-flex\">\n<div class=\"wp-block-button has-custom-font-size\" style=\"font-size:18px\"><a class=\"wp-block-button__link has-black-background-color has-background wp-element-button\" href=\"#pourquoi\" style=\"border-radius:6px\">More informations<\/a><\/div>\n<\/div>\n\n<\/div><\/div><\/div>\n\n<div class=\"gb-grid-column gb-grid-column-90c11087\"><div class=\"gb-container gb-container-90c11087\"><div class=\"gb-inside-container\">\n\n<div class=\"wp-block-buttons is-layout-flex wp-block-buttons-is-layout-flex\">\n<div class=\"wp-block-button has-custom-font-size\" style=\"font-size:18px\"><a class=\"wp-block-button__link has-black-background-color has-background wp-element-button\" href=\"https:\/\/clairedumouchel.com\/en\/rendez-vous\/\" style=\"border-radius:6px\">Make an appointment<\/a><\/div>\n<\/div>\n\n<\/div><\/div><\/div>\n<\/div>\n<\/div><\/div>\n<\/div><\/div><\/div>\n<\/div>\n\n<div class=\"gb-container gb-container-488fdd75\" id=\"pourquoi\"><div class=\"gb-inside-container\">\n<div class=\"gb-grid-wrapper gb-grid-wrapper-6c0711fd\">\n<div class=\"gb-grid-column gb-grid-column-700e2f96\"><div class=\"gb-container gb-container-700e2f96\"><div class=\"gb-inside-container\">\n\n<h2 class=\"gb-headline gb-headline-e27e651a gb-headline-text\">Why consult?<\/h2>\n\n\n\n<h4 class=\"gb-headline gb-headline-f609307c gb-headline-text\">Relationship Difficulties<\/h4>\n\n\n\n<p>We all carry wounds that can get in the way of our emotional relationships. These\nwounds can be triggered by a specific event or in the presence of others. In some\nsituations, we may feel helpless and powerless to deal with these unpleasant emotions.\nThis can make communication and interactions with others more difficult.<\/p>\n\n\n\n<p>Lack of self-awareness and not knowing how to listen to our waking experience makes it\nmore difficult to find ways to take better care of ourselves and meet our needs. This\napproach will help you find well-being and make your relationships more satisfying.<\/p>\n\n\n\n<div style=\"height:33px\" aria-hidden=\"true\" class=\"wp-block-spacer\"><\/div>\n\n\n\n<h4 class=\"wp-block-heading\" style=\"font-size:25px\">Therapy can help to : <\/h4>\n\n\n<div class=\"gb-grid-wrapper gb-grid-wrapper-2c60e317\">\n<div class=\"gb-grid-column gb-grid-column-4fb3df0d\"><div class=\"gb-container gb-container-4fb3df0d\"><div class=\"gb-inside-container\">\n\n<ul class=\"wp-block-list\">\n<li>Gain greater self-awareness<\/li>\n\n\n\n<li>Recognize functions that interfere with your well-being<\/li>\n\n\n\n<li>Develop authentic and compassionate communication<\/li>\n\n\n\n<li>Understand your emotions and identify your needs<\/li>\n\n\n\n<li>Comprendre les autres<\/li>\n\n\n\n<li>Respect yourself and be respected by others<\/li>\n\n\n\n<li>Reduce suffering<\/li>\n\n\n\n<li>Rediscover inner freedom<\/li>\n\n\n\n<li>Other<\/li>\n<\/ul>\n\n<\/div><\/div><\/div>\n\n<div class=\"gb-grid-column gb-grid-column-4347ed00\"><div class=\"gb-container gb-container-4347ed00\"><div class=\"gb-inside-container\">\n\n<ul class=\"wp-block-list\">\n<li>Take your place in a relationship and assert yourself<\/li>\n\n\n\n<li>Better understand yourself and others<\/li>\n\n\n\n<li>Se respecter et \u00eatre respect\u00e9 des autres<\/li>\n\n\n\n<li>Apaiser sa souffrance<\/li>\n\n\n\n<li>Retrouver sa libert\u00e9 int\u00e9rieure<\/li>\n\n\n\n<li>Etc.<\/li>\n<\/ul>\n\n<\/div><\/div><\/div>\n<\/div>\n<\/div><\/div><\/div>\n<\/div>\n<\/div><\/div>\n\n\n<div style=\"height:33px\" aria-hidden=\"true\" class=\"wp-block-spacer\"><\/div>\n\n\n\n<h4 class=\"gb-headline gb-headline-0e43898f gb-headline-text\">Overcoming a difficult situation<\/h4>\n\n\n\n<p>In the course of our lives, we are all confronted with difficult trials where we have to deal\nwith physical or emotional suffering, loss or obstacles. However, you have the choice not\nto go it alone and to work through it with a psychotherapist.<\/p>\n\n\n\n<p>The therapeutic process will help you change your perception to better accept the\nsituation. You can do more than just overcome these trials, you can also improve your\nlife. It is with my sensitivity and my benevolence that I will accompany you in a space of\nrespect and non-judgment. This process will help you find the light on your path.<\/p>\n\n\n\n<div style=\"height:33px\" aria-hidden=\"true\" class=\"wp-block-spacer\"><\/div>\n\n\n\n<h4 class=\"wp-block-heading\">Therapy will help you to overcome these difficulties:<\/h4>\n\n\n<div class=\"gb-container gb-container-16ba8bd4\"><div class=\"gb-inside-container\">\n<div class=\"gb-grid-wrapper gb-grid-wrapper-1b4a1496\">\n<div class=\"gb-grid-column gb-grid-column-1b72fbf1\"><div class=\"gb-container gb-container-1b72fbf1\"><div class=\"gb-inside-container\">\n\n<ul class=\"wp-block-list\">\n<li>Grief<\/li>\n\n\n\n<li>Failures<\/li>\n\n\n\n<li>Conflicts<\/li>\n\n\n\n<li>Separation<\/li>\n\n\n\n<li>Dark thoughts<\/li>\n\n\n\n<li>Dismissal<\/li>\n\n\n\n<li>Physical abuse<\/li>\n<\/ul>\n\n<\/div><\/div><\/div>\n\n<div class=\"gb-grid-column gb-grid-column-4e42f981\"><div class=\"gb-container gb-container-4e42f981\"><div class=\"gb-inside-container\">\n\n<ul class=\"wp-block-list\">\n<li>Illness -Stress<\/li>\n\n\n\n<li>Questioning<\/li>\n\n\n\n<li>Loss of meaning in life<\/li>\n\n\n\n<li>Difficulty in communicating<\/li>\n\n\n\n<li>Self-destructive behaviors (drugs, food, alcohol)<\/li>\n\n\n\n<li>And all other hardships<\/li>\n<\/ul>\n\n<\/div><\/div><\/div>\n<\/div>\n<\/div><\/div>\n<\/div><\/div><\/div>\n<\/div>\n<\/div><\/div>\n\n<div class=\"gb-container gb-container-71f89cba\"><div class=\"gb-inside-container\">\n<div class=\"gb-grid-wrapper gb-grid-wrapper-16afec4e\">\n<div class=\"gb-grid-column gb-grid-column-aeb098d5\"><div class=\"gb-container gb-container-aeb098d5\"><div class=\"gb-inside-container\">\n\n<h4 class=\"has-medium-font-size wp-block-heading\">Therapy services can be done by Skype, Messenger or Zoom from anywhere in the world.<\/h4>\n\n\n\n<p>* With all consultations, a receipt will be given for your personal insurance.<\/p>\n\n<\/div><\/div><\/div>\n<\/div>\n<\/div><\/div>","protected":false},"excerpt":{"rendered":"","protected":false},"author":1,"featured_media":0,"parent":0,"menu_order":0,"comment_status":"closed","ping_status":"closed","template":"","meta":{"footnotes":""},"class_list":["post-17","page","type-page","status-publish"],"yoast_head":"<!-- This site is optimized with the Yoast SEO plugin v27.2 - https:\/\/yoast.com\/product\/yoast-seo-wordpress\/ -->\n<title>Mon approche &#8226; Claire Dumouchel - Psychoth\u00e9rapeute<\/title>\n<meta name=\"description\" content=\"Services de psychoth\u00e9rapie individuelle, de couple et de la famille. Je d\u00e9finis ma pratique comme int\u00e9grative et adapt\u00e9e \u00e0 chaque personne.\" \/>\n<meta name=\"robots\" content=\"index, follow, max-snippet:-1, max-image-preview:large, max-video-preview:-1\" \/>\n<link rel=\"canonical\" href=\"https:\/\/clairedumouchel.com\/en\/psychotherapie\/\" \/>\n<meta property=\"og:locale\" content=\"en_US\" \/>\n<meta property=\"og:type\" content=\"article\" \/>\n<meta property=\"og:title\" content=\"Mon approche &#8226; Claire Dumouchel - Psychoth\u00e9rapeute\" \/>\n<meta property=\"og:description\" content=\"Services de psychoth\u00e9rapie individuelle, de couple et de la famille. Je d\u00e9finis ma pratique comme int\u00e9grative et adapt\u00e9e \u00e0 chaque personne.\" \/>\n<meta property=\"og:url\" content=\"https:\/\/clairedumouchel.com\/en\/psychotherapie\/\" \/>\n<meta property=\"og:site_name\" content=\"Claire Dumouchel - Psychoth\u00e9rapeute\" \/>\n<meta property=\"article:publisher\" content=\"https:\/\/www.facebook.com\/claire.dumouchel.psychotherapeute\" \/>\n<meta property=\"article:modified_time\" content=\"2022-11-02T08:02:04+00:00\" \/>\n<meta property=\"og:image\" content=\"https:\/\/clairedumouchel.com\/wp-content\/uploads\/2022\/10\/psychotherapeute-e1667093332261.png\" \/>\n\t<meta property=\"og:image:width\" content=\"1492\" \/>\n\t<meta property=\"og:image:height\" content=\"822\" \/>\n\t<meta property=\"og:image:type\" content=\"image\/png\" \/>\n<meta name=\"twitter:card\" content=\"summary_large_image\" \/>\n<meta name=\"twitter:label1\" content=\"Est. reading time\" \/>\n\t<meta name=\"twitter:data1\" content=\"3 minutes\" \/>\n<script type=\"application\/ld+json\" class=\"yoast-schema-graph\">{\"@context\":\"https:\/\/schema.org\",\"@graph\":[{\"@type\":\"WebPage\",\"@id\":\"https:\/\/clairedumouchel.com\/psychotherapie\/\",\"url\":\"https:\/\/clairedumouchel.com\/psychotherapie\/\",\"name\":\"Mon approche &#8226; Claire Dumouchel - Psychoth\u00e9rapeute\",\"isPartOf\":{\"@id\":\"https:\/\/clairedumouchel.com\/#website\"},\"datePublished\":\"2022-10-09T23:09:57+00:00\",\"dateModified\":\"2022-11-02T08:02:04+00:00\",\"description\":\"Services de psychoth\u00e9rapie individuelle, de couple et de la famille. Je d\u00e9finis ma pratique comme int\u00e9grative et adapt\u00e9e \u00e0 chaque personne.\",\"breadcrumb\":{\"@id\":\"https:\/\/clairedumouchel.com\/psychotherapie\/#breadcrumb\"},\"inLanguage\":\"en-US\",\"potentialAction\":[{\"@type\":\"ReadAction\",\"target\":[\"https:\/\/clairedumouchel.com\/psychotherapie\/\"]}]},{\"@type\":\"BreadcrumbList\",\"@id\":\"https:\/\/clairedumouchel.com\/psychotherapie\/#breadcrumb\",\"itemListElement\":[{\"@type\":\"ListItem\",\"position\":1,\"name\":\"Accueil\",\"item\":\"https:\/\/clairedumouchel.com\/\"},{\"@type\":\"ListItem\",\"position\":2,\"name\":\"Mon approche\"}]},{\"@type\":\"WebSite\",\"@id\":\"https:\/\/clairedumouchel.com\/#website\",\"url\":\"https:\/\/clairedumouchel.com\/\",\"name\":\"Claire Dumouchel Psychoth\u00e9rapie\",\"description\":\"\",\"publisher\":{\"@id\":\"https:\/\/clairedumouchel.com\/#organization\"},\"alternateName\":\"Claire Dumouchel Psychotherapy\",\"potentialAction\":[{\"@type\":\"SearchAction\",\"target\":{\"@type\":\"EntryPoint\",\"urlTemplate\":\"https:\/\/clairedumouchel.com\/?s={search_term_string}\"},\"query-input\":{\"@type\":\"PropertyValueSpecification\",\"valueRequired\":true,\"valueName\":\"search_term_string\"}}],\"inLanguage\":\"en-US\"},{\"@type\":\"Organization\",\"@id\":\"https:\/\/clairedumouchel.com\/#organization\",\"name\":\"Claire Dumouchel Psychoth\u00e9rapie\",\"alternateName\":\"Claire Dumouchel Psychotherapy\",\"url\":\"https:\/\/clairedumouchel.com\/\",\"logo\":{\"@type\":\"ImageObject\",\"inLanguage\":\"en-US\",\"@id\":\"https:\/\/clairedumouchel.com\/#\/schema\/logo\/image\/\",\"url\":\"https:\/\/clairedumouchel.com\/wp-content\/uploads\/2022\/11\/logos-claire-fr.png\",\"contentUrl\":\"https:\/\/clairedumouchel.com\/wp-content\/uploads\/2022\/11\/logos-claire-fr.png\",\"width\":229,\"height\":57,\"caption\":\"Claire Dumouchel Psychoth\u00e9rapie\"},\"image\":{\"@id\":\"https:\/\/clairedumouchel.com\/#\/schema\/logo\/image\/\"},\"sameAs\":[\"https:\/\/www.facebook.com\/claire.dumouchel.psychotherapeute\"]}]}<\/script>\n<!-- \/ Yoast SEO plugin. -->","yoast_head_json":{"title":"Mon approche &#8226; Claire Dumouchel - Psychoth\u00e9rapeute","description":"Services de psychoth\u00e9rapie individuelle, de couple et de la famille. Je d\u00e9finis ma pratique comme int\u00e9grative et adapt\u00e9e \u00e0 chaque personne.","robots":{"index":"index","follow":"follow","max-snippet":"max-snippet:-1","max-image-preview":"max-image-preview:large","max-video-preview":"max-video-preview:-1"},"canonical":"https:\/\/clairedumouchel.com\/en\/psychotherapie\/","og_locale":"en_US","og_type":"article","og_title":"Mon approche &#8226; Claire Dumouchel - Psychoth\u00e9rapeute","og_description":"Services de psychoth\u00e9rapie individuelle, de couple et de la famille. Je d\u00e9finis ma pratique comme int\u00e9grative et adapt\u00e9e \u00e0 chaque personne.","og_url":"https:\/\/clairedumouchel.com\/en\/psychotherapie\/","og_site_name":"Claire Dumouchel - Psychoth\u00e9rapeute","article_publisher":"https:\/\/www.facebook.com\/claire.dumouchel.psychotherapeute","article_modified_time":"2022-11-02T08:02:04+00:00","og_image":[{"width":1492,"height":822,"url":"https:\/\/clairedumouchel.com\/wp-content\/uploads\/2022\/10\/psychotherapeute-e1667093332261.png","type":"image\/png"}],"twitter_card":"summary_large_image","twitter_misc":{"Est. reading time":"3 minutes"},"schema":{"@context":"https:\/\/schema.org","@graph":[{"@type":"WebPage","@id":"https:\/\/clairedumouchel.com\/psychotherapie\/","url":"https:\/\/clairedumouchel.com\/psychotherapie\/","name":"Mon approche &#8226; Claire Dumouchel - Psychoth\u00e9rapeute","isPartOf":{"@id":"https:\/\/clairedumouchel.com\/#website"},"datePublished":"2022-10-09T23:09:57+00:00","dateModified":"2022-11-02T08:02:04+00:00","description":"Services de psychoth\u00e9rapie individuelle, de couple et de la famille. Je d\u00e9finis ma pratique comme int\u00e9grative et adapt\u00e9e \u00e0 chaque personne.","breadcrumb":{"@id":"https:\/\/clairedumouchel.com\/psychotherapie\/#breadcrumb"},"inLanguage":"en-US","potentialAction":[{"@type":"ReadAction","target":["https:\/\/clairedumouchel.com\/psychotherapie\/"]}]},{"@type":"BreadcrumbList","@id":"https:\/\/clairedumouchel.com\/psychotherapie\/#breadcrumb","itemListElement":[{"@type":"ListItem","position":1,"name":"Accueil","item":"https:\/\/clairedumouchel.com\/"},{"@type":"ListItem","position":2,"name":"Mon approche"}]},{"@type":"WebSite","@id":"https:\/\/clairedumouchel.com\/#website","url":"https:\/\/clairedumouchel.com\/","name":"Claire Dumouchel Psychoth\u00e9rapie","description":"","publisher":{"@id":"https:\/\/clairedumouchel.com\/#organization"},"alternateName":"Claire Dumouchel Psychotherapy","potentialAction":[{"@type":"SearchAction","target":{"@type":"EntryPoint","urlTemplate":"https:\/\/clairedumouchel.com\/?s={search_term_string}"},"query-input":{"@type":"PropertyValueSpecification","valueRequired":true,"valueName":"search_term_string"}}],"inLanguage":"en-US"},{"@type":"Organization","@id":"https:\/\/clairedumouchel.com\/#organization","name":"Claire Dumouchel Psychoth\u00e9rapie","alternateName":"Claire Dumouchel Psychotherapy","url":"https:\/\/clairedumouchel.com\/","logo":{"@type":"ImageObject","inLanguage":"en-US","@id":"https:\/\/clairedumouchel.com\/#\/schema\/logo\/image\/","url":"https:\/\/clairedumouchel.com\/wp-content\/uploads\/2022\/11\/logos-claire-fr.png","contentUrl":"https:\/\/clairedumouchel.com\/wp-content\/uploads\/2022\/11\/logos-claire-fr.png","width":229,"height":57,"caption":"Claire Dumouchel Psychoth\u00e9rapie"},"image":{"@id":"https:\/\/clairedumouchel.com\/#\/schema\/logo\/image\/"},"sameAs":["https:\/\/www.facebook.com\/claire.dumouchel.psychotherapeute"]}]}},"_links":{"self":[{"href":"https:\/\/clairedumouchel.com\/en\/wp-json\/wp\/v2\/pages\/17","targetHints":{"allow":["GET"]}}],"collection":[{"href":"https:\/\/clairedumouchel.com\/en\/wp-json\/wp\/v2\/pages"}],"about":[{"href":"https:\/\/clairedumouchel.com\/en\/wp-json\/wp\/v2\/types\/page"}],"author":[{"embeddable":true,"href":"https:\/\/clairedumouchel.com\/en\/wp-json\/wp\/v2\/users\/1"}],"replies":[{"embeddable":true,"href":"https:\/\/clairedumouchel.com\/en\/wp-json\/wp\/v2\/comments?post=17"}],"version-history":[{"count":54,"href":"https:\/\/clairedumouchel.com\/en\/wp-json\/wp\/v2\/pages\/17\/revisions"}],"predecessor-version":[{"id":738,"href":"https:\/\/clairedumouchel.com\/en\/wp-json\/wp\/v2\/pages\/17\/revisions\/738"}],"wp:attachment":[{"href":"https:\/\/clairedumouchel.com\/en\/wp-json\/wp\/v2\/media?parent=17"}],"curies":[{"name":"wp","href":"https:\/\/api.w.org\/{rel}","templated":true}]}}